{"id":12016,"date":"2024-11-15T17:44:05","date_gmt":"2024-11-15T15:44:05","guid":{"rendered":"https:\/\/andaluciaebikes.es\/alquiler-2\/"},"modified":"2026-02-03T05:57:54","modified_gmt":"2026-02-03T03:57:54","slug":"alquiler-ebike-nerja","status":"publish","type":"page","link":"https:\/\/andaluciaebikes.es\/es\/alquiler-ebike-nerja\/","title":{"rendered":"Rent"},"content":{"rendered":"\t\t<div data-elementor-type=\"wp-page\" data-elementor-id=\"12016\" class=\"elementor elementor-12016 elementor-11975\" data-elementor-post-type=\"page\">\n\t\t\t\t\t\t<section class=\"elementor-section elementor-top-section elementor-element elementor-element-c10f933 elementor-section-boxed elementor-section-height-default elementor-section-height-default\" data-id=\"c10f933\" data-element_type=\"section\" data-e-type=\"section\" data-settings=\"{&quot;background_background&quot;:&quot;classic&quot;}\">\n\t\t\t\t\t\t\t<div class=\"elementor-background-overlay\"><\/div>\n\t\t\t\t\t\t\t<div class=\"elementor-container elementor-column-gap-default\">\n\t\t\t\t\t<div class=\"elementor-column elementor-col-100 elementor-top-column elementor-element elementor-element-cdf3c90\" data-id=\"cdf3c90\" data-element_type=\"column\" data-e-type=\"column\">\n\t\t\t<div class=\"elementor-widget-wrap elementor-element-populated\">\n\t\t\t\t\t\t<div class=\"elementor-element elementor-element-62d640d elementor-widget elementor-widget-heading\" data-id=\"62d640d\" data-element_type=\"widget\" data-e-type=\"widget\" data-widget_type=\"heading.default\">\n\t\t\t\t<div class=\"elementor-widget-container\">\n\t\t\t\t\t<h3 class=\"elementor-heading-title elementor-size-default\">Alquiler de Ebike<\/h3>\t\t\t\t<\/div>\n\t\t\t\t<\/div>\n\t\t\t\t\t<\/div>\n\t\t<\/div>\n\t\t\t\t\t<\/div>\n\t\t<\/section>\n\t\t<div class=\"elementor-element elementor-element-83e7817 e-flex e-con-boxed e-con e-parent\" data-id=\"83e7817\" data-element_type=\"container\" data-e-type=\"container\">\n\t\t\t\t\t<div class=\"e-con-inner\">\n\t\t\t\t<div class=\"elementor-element elementor-element-45e6f5d elementor-widget elementor-widget-heading\" data-id=\"45e6f5d\" data-element_type=\"widget\" data-e-type=\"widget\" data-widget_type=\"heading.default\">\n\t\t\t\t<div class=\"elementor-widget-container\">\n\t\t\t\t\t<h2 class=\"elementor-heading-title elementor-size-default\">Choose where to rent:<\/h2>\t\t\t\t<\/div>\n\t\t\t\t<\/div>\n\t\t\t\t\t<\/div>\n\t\t\t\t<\/div>\n\t\t<div class=\"elementor-element elementor-element-8d7ebcb e-grid e-con-boxed e-con e-parent\" data-id=\"8d7ebcb\" data-element_type=\"container\" data-e-type=\"container\">\n\t\t\t\t\t<div class=\"e-con-inner\">\n\t\t<a class=\"elementor-element elementor-element-901d874 e-con-full e-transform e-flex e-con e-child\" data-id=\"901d874\" data-element_type=\"container\" data-e-type=\"container\" data-settings=\"{&quot;background_background&quot;:&quot;classic&quot;,&quot;_transform_scaleX_effect_hover&quot;:{&quot;unit&quot;:&quot;px&quot;,&quot;size&quot;:1.02,&quot;sizes&quot;:[]},&quot;_transform_scaleY_effect_hover&quot;:{&quot;unit&quot;:&quot;px&quot;,&quot;size&quot;:1.02,&quot;sizes&quot;:[]},&quot;_transform_scaleX_effect_hover_laptop&quot;:{&quot;unit&quot;:&quot;px&quot;,&quot;size&quot;:&quot;&quot;,&quot;sizes&quot;:[]},&quot;_transform_scaleX_effect_hover_tablet&quot;:{&quot;unit&quot;:&quot;px&quot;,&quot;size&quot;:&quot;&quot;,&quot;sizes&quot;:[]},&quot;_transform_scaleX_effect_hover_mobile&quot;:{&quot;unit&quot;:&quot;px&quot;,&quot;size&quot;:&quot;&quot;,&quot;sizes&quot;:[]},&quot;_transform_scaleY_effect_hover_laptop&quot;:{&quot;unit&quot;:&quot;px&quot;,&quot;size&quot;:&quot;&quot;,&quot;sizes&quot;:[]},&quot;_transform_scaleY_effect_hover_tablet&quot;:{&quot;unit&quot;:&quot;px&quot;,&quot;size&quot;:&quot;&quot;,&quot;sizes&quot;:[]},&quot;_transform_scaleY_effect_hover_mobile&quot;:{&quot;unit&quot;:&quot;px&quot;,&quot;size&quot;:&quot;&quot;,&quot;sizes&quot;:[]}}\" href=\"https:\/\/andaluciaebikes.es\/es\/alquiler-en-nerja\/\">\n\t\t\t\t<div class=\"elementor-element elementor-element-1ae4521 elementor-widget elementor-widget-heading\" data-id=\"1ae4521\" data-element_type=\"widget\" data-e-type=\"widget\" data-widget_type=\"heading.default\">\n\t\t\t\t<div class=\"elementor-widget-container\">\n\t\t\t\t\t<h2 class=\"elementor-heading-title elementor-size-default\">Nerja<\/h2>\t\t\t\t<\/div>\n\t\t\t\t<\/div>\n\t\t\t\t<\/a>\n\t\t<a class=\"elementor-element elementor-element-310de53 e-con-full e-transform e-flex e-con e-child\" data-id=\"310de53\" data-element_type=\"container\" data-e-type=\"container\" data-settings=\"{&quot;background_background&quot;:&quot;classic&quot;,&quot;background_motion_fx_motion_fx_scrolling&quot;:&quot;yes&quot;,&quot;_transform_scaleX_effect_hover&quot;:{&quot;unit&quot;:&quot;px&quot;,&quot;size&quot;:1.02,&quot;sizes&quot;:[]},&quot;_transform_scaleY_effect_hover&quot;:{&quot;unit&quot;:&quot;px&quot;,&quot;size&quot;:1.02,&quot;sizes&quot;:[]},&quot;background_motion_fx_devices&quot;:[&quot;desktop&quot;,&quot;laptop&quot;,&quot;tablet&quot;,&quot;mobile&quot;],&quot;_transform_scaleX_effect_hover_laptop&quot;:{&quot;unit&quot;:&quot;px&quot;,&quot;size&quot;:&quot;&quot;,&quot;sizes&quot;:[]},&quot;_transform_scaleX_effect_hover_tablet&quot;:{&quot;unit&quot;:&quot;px&quot;,&quot;size&quot;:&quot;&quot;,&quot;sizes&quot;:[]},&quot;_transform_scaleX_effect_hover_mobile&quot;:{&quot;unit&quot;:&quot;px&quot;,&quot;size&quot;:&quot;&quot;,&quot;sizes&quot;:[]},&quot;_transform_scaleY_effect_hover_laptop&quot;:{&quot;unit&quot;:&quot;px&quot;,&quot;size&quot;:&quot;&quot;,&quot;sizes&quot;:[]},&quot;_transform_scaleY_effect_hover_tablet&quot;:{&quot;unit&quot;:&quot;px&quot;,&quot;size&quot;:&quot;&quot;,&quot;sizes&quot;:[]},&quot;_transform_scaleY_effect_hover_mobile&quot;:{&quot;unit&quot;:&quot;px&quot;,&quot;size&quot;:&quot;&quot;,&quot;sizes&quot;:[]}}\" href=\"https:\/\/andaluciaebikes.es\/es\/alquiler-en-granada\/\">\n\t\t\t\t<div class=\"elementor-element elementor-element-65106a2 elementor-widget elementor-widget-heading\" data-id=\"65106a2\" data-element_type=\"widget\" data-e-type=\"widget\" data-widget_type=\"heading.default\">\n\t\t\t\t<div class=\"elementor-widget-container\">\n\t\t\t\t\t<h2 class=\"elementor-heading-title elementor-size-default\">Granada<\/h2>\t\t\t\t<\/div>\n\t\t\t\t<\/div>\n\t\t\t\t<\/a>\n\t\t<a class=\"elementor-element elementor-element-89c43cb e-con-full e-transform e-flex e-con e-child\" data-id=\"89c43cb\" data-element_type=\"container\" data-e-type=\"container\" data-settings=\"{&quot;background_background&quot;:&quot;classic&quot;,&quot;background_motion_fx_motion_fx_scrolling&quot;:&quot;yes&quot;,&quot;_transform_scaleX_effect_hover&quot;:{&quot;unit&quot;:&quot;px&quot;,&quot;size&quot;:1.02,&quot;sizes&quot;:[]},&quot;_transform_scaleY_effect_hover&quot;:{&quot;unit&quot;:&quot;px&quot;,&quot;size&quot;:1.02,&quot;sizes&quot;:[]},&quot;background_motion_fx_devices&quot;:[&quot;desktop&quot;,&quot;laptop&quot;,&quot;tablet&quot;,&quot;mobile&quot;],&quot;_transform_scaleX_effect_hover_laptop&quot;:{&quot;unit&quot;:&quot;px&quot;,&quot;size&quot;:&quot;&quot;,&quot;sizes&quot;:[]},&quot;_transform_scaleX_effect_hover_tablet&quot;:{&quot;unit&quot;:&quot;px&quot;,&quot;size&quot;:&quot;&quot;,&quot;sizes&quot;:[]},&quot;_transform_scaleX_effect_hover_mobile&quot;:{&quot;unit&quot;:&quot;px&quot;,&quot;size&quot;:&quot;&quot;,&quot;sizes&quot;:[]},&quot;_transform_scaleY_effect_hover_laptop&quot;:{&quot;unit&quot;:&quot;px&quot;,&quot;size&quot;:&quot;&quot;,&quot;sizes&quot;:[]},&quot;_transform_scaleY_effect_hover_tablet&quot;:{&quot;unit&quot;:&quot;px&quot;,&quot;size&quot;:&quot;&quot;,&quot;sizes&quot;:[]},&quot;_transform_scaleY_effect_hover_mobile&quot;:{&quot;unit&quot;:&quot;px&quot;,&quot;size&quot;:&quot;&quot;,&quot;sizes&quot;:[]}}\" href=\"#\">\n\t\t\t\t<div class=\"elementor-element elementor-element-8c66f7f elementor-widget elementor-widget-heading\" data-id=\"8c66f7f\" data-element_type=\"widget\" data-e-type=\"widget\" data-widget_type=\"heading.default\">\n\t\t\t\t<div class=\"elementor-widget-container\">\n\t\t\t\t\t<h2 class=\"elementor-heading-title elementor-size-default\">Sevilla<\/h2>\t\t\t\t<\/div>\n\t\t\t\t<\/div>\n\t\t\t\t<\/a>\n\t\t<a class=\"elementor-element elementor-element-348b45b e-con-full e-transform e-flex e-con e-child\" data-id=\"348b45b\" data-element_type=\"container\" data-e-type=\"container\" data-settings=\"{&quot;background_background&quot;:&quot;classic&quot;,&quot;background_motion_fx_motion_fx_scrolling&quot;:&quot;yes&quot;,&quot;_transform_scaleX_effect_hover&quot;:{&quot;unit&quot;:&quot;px&quot;,&quot;size&quot;:1.02,&quot;sizes&quot;:[]},&quot;_transform_scaleY_effect_hover&quot;:{&quot;unit&quot;:&quot;px&quot;,&quot;size&quot;:1.02,&quot;sizes&quot;:[]},&quot;background_motion_fx_devices&quot;:[&quot;desktop&quot;,&quot;laptop&quot;,&quot;tablet&quot;,&quot;mobile&quot;],&quot;_transform_scaleX_effect_hover_laptop&quot;:{&quot;unit&quot;:&quot;px&quot;,&quot;size&quot;:&quot;&quot;,&quot;sizes&quot;:[]},&quot;_transform_scaleX_effect_hover_tablet&quot;:{&quot;unit&quot;:&quot;px&quot;,&quot;size&quot;:&quot;&quot;,&quot;sizes&quot;:[]},&quot;_transform_scaleX_effect_hover_mobile&quot;:{&quot;unit&quot;:&quot;px&quot;,&quot;size&quot;:&quot;&quot;,&quot;sizes&quot;:[]},&quot;_transform_scaleY_effect_hover_laptop&quot;:{&quot;unit&quot;:&quot;px&quot;,&quot;size&quot;:&quot;&quot;,&quot;sizes&quot;:[]},&quot;_transform_scaleY_effect_hover_tablet&quot;:{&quot;unit&quot;:&quot;px&quot;,&quot;size&quot;:&quot;&quot;,&quot;sizes&quot;:[]},&quot;_transform_scaleY_effect_hover_mobile&quot;:{&quot;unit&quot;:&quot;px&quot;,&quot;size&quot;:&quot;&quot;,&quot;sizes&quot;:[]}}\" href=\"#\">\n\t\t\t\t<div class=\"elementor-element elementor-element-a7dc114 elementor-widget elementor-widget-heading\" data-id=\"a7dc114\" data-element_type=\"widget\" data-e-type=\"widget\" data-widget_type=\"heading.default\">\n\t\t\t\t<div class=\"elementor-widget-container\">\n\t\t\t\t\t<h2 class=\"elementor-heading-title elementor-size-default\">Madrid<\/h2>\t\t\t\t<\/div>\n\t\t\t\t<\/div>\n\t\t\t\t<\/a>\n\t\t<a class=\"elementor-element elementor-element-e9753fa e-con-full e-transform e-flex e-con e-child\" data-id=\"e9753fa\" data-element_type=\"container\" data-e-type=\"container\" data-settings=\"{&quot;background_background&quot;:&quot;classic&quot;,&quot;background_motion_fx_motion_fx_scrolling&quot;:&quot;yes&quot;,&quot;_transform_scaleX_effect_hover&quot;:{&quot;unit&quot;:&quot;px&quot;,&quot;size&quot;:1.02,&quot;sizes&quot;:[]},&quot;_transform_scaleY_effect_hover&quot;:{&quot;unit&quot;:&quot;px&quot;,&quot;size&quot;:1.02,&quot;sizes&quot;:[]},&quot;background_motion_fx_devices&quot;:[&quot;desktop&quot;,&quot;laptop&quot;,&quot;tablet&quot;,&quot;mobile&quot;],&quot;_transform_scaleX_effect_hover_laptop&quot;:{&quot;unit&quot;:&quot;px&quot;,&quot;size&quot;:&quot;&quot;,&quot;sizes&quot;:[]},&quot;_transform_scaleX_effect_hover_tablet&quot;:{&quot;unit&quot;:&quot;px&quot;,&quot;size&quot;:&quot;&quot;,&quot;sizes&quot;:[]},&quot;_transform_scaleX_effect_hover_mobile&quot;:{&quot;unit&quot;:&quot;px&quot;,&quot;size&quot;:&quot;&quot;,&quot;sizes&quot;:[]},&quot;_transform_scaleY_effect_hover_laptop&quot;:{&quot;unit&quot;:&quot;px&quot;,&quot;size&quot;:&quot;&quot;,&quot;sizes&quot;:[]},&quot;_transform_scaleY_effect_hover_tablet&quot;:{&quot;unit&quot;:&quot;px&quot;,&quot;size&quot;:&quot;&quot;,&quot;sizes&quot;:[]},&quot;_transform_scaleY_effect_hover_mobile&quot;:{&quot;unit&quot;:&quot;px&quot;,&quot;size&quot;:&quot;&quot;,&quot;sizes&quot;:[]}}\" href=\"#\">\n\t\t\t\t<div class=\"elementor-element elementor-element-6d1597b elementor-widget elementor-widget-heading\" data-id=\"6d1597b\" data-element_type=\"widget\" data-e-type=\"widget\" data-widget_type=\"heading.default\">\n\t\t\t\t<div class=\"elementor-widget-container\">\n\t\t\t\t\t<h2 class=\"elementor-heading-title elementor-size-default\">Ronda<\/h2>\t\t\t\t<\/div>\n\t\t\t\t<\/div>\n\t\t\t\t<\/a>\n\t\t\t\t\t<\/div>\n\t\t\t\t<\/div>\n\t\t\t\t<\/div>\n\t\t","protected":false},"excerpt":{"rendered":"<p>Alquiler de Ebike Choose where to rent: Nerja Granada Sevilla Madrid Ronda<\/p>\n","protected":false},"author":1,"featured_media":13885,"parent":0,"menu_order":0,"comment_status":"closed","ping_status":"closed","template":"elementor_header_footer","meta":{"footnotes":""},"class_list":["post-12016","page","type-page","status-publish","has-post-thumbnail","hentry"],"yoast_head":"<!-- This site is optimized with the Yoast SEO plugin v27.3 - https:\/\/yoast.com\/product\/yoast-seo-wordpress\/ -->\n<title>Alquiler de eBike en Nerja | Bicicletas El\u00e9ctricas Costa del Sol<\/title>\n<meta name=\"description\" content=\"Alquila una eBike en Nerja y explora la Costa del Sol sin esfuerzo. Bicicletas el\u00e9ctricas modernas para recorrer playas, miradores y pueblos.\" \/>\n<meta name=\"robots\" content=\"index, follow, max-snippet:-1, max-image-preview:large, max-video-preview:-1\" \/>\n<link rel=\"canonical\" href=\"https:\/\/andaluciaebikes.es\/es\/alquiler-ebike-nerja\/\" \/>\n<meta property=\"og:locale\" content=\"es_ES\" \/>\n<meta property=\"og:type\" content=\"article\" \/>\n<meta property=\"og:title\" content=\"Alquiler de eBike en Nerja \u2013 Descubre la Costa del Sol en bicicleta el\u00e9ctrica\" \/>\n<meta property=\"og:description\" content=\"Vive Nerja a tu propio ritmo con nuestro servicio de alquiler de bicicletas el\u00e9ctricas. Libertad, sostenibilidad y rutas \u00fanicas en la Costa del Sol.\" \/>\n<meta property=\"og:url\" content=\"https:\/\/andaluciaebikes.es\/es\/alquiler-ebike-nerja\/\" \/>\n<meta property=\"og:site_name\" content=\"Andalucia E-bikes\" \/>\n<meta property=\"article:publisher\" content=\"https:\/\/www.facebook.com\/andalucia.ebikes\" \/>\n<meta property=\"article:modified_time\" content=\"2026-02-03T03:57:54+00:00\" \/>\n<meta property=\"og:image\" content=\"https:\/\/andaluciaebikes.es\/wp-content\/uploads\/2025\/09\/balcon-de-Europa-Rent-Ebike.jpg\" \/>\n\t<meta property=\"og:image:width\" content=\"1920\" \/>\n\t<meta property=\"og:image:height\" content=\"1280\" \/>\n\t<meta property=\"og:image:type\" content=\"image\/jpeg\" \/>\n<script type=\"application\/ld+json\" class=\"yoast-schema-graph\">{\"@context\":\"https:\\\/\\\/schema.org\",\"@graph\":[{\"@type\":\"WebPage\",\"@id\":\"https:\\\/\\\/andaluciaebikes.es\\\/es\\\/alquiler-ebike-nerja\\\/\",\"url\":\"https:\\\/\\\/andaluciaebikes.es\\\/es\\\/alquiler-ebike-nerja\\\/\",\"name\":\"Alquiler de eBike en Nerja | Bicicletas El\u00e9ctricas Costa del Sol\",\"isPartOf\":{\"@id\":\"https:\\\/\\\/andaluciaebikes.es\\\/en\\\/#website\"},\"primaryImageOfPage\":{\"@id\":\"https:\\\/\\\/andaluciaebikes.es\\\/es\\\/alquiler-ebike-nerja\\\/#primaryimage\"},\"image\":{\"@id\":\"https:\\\/\\\/andaluciaebikes.es\\\/es\\\/alquiler-ebike-nerja\\\/#primaryimage\"},\"thumbnailUrl\":\"https:\\\/\\\/andaluciaebikes.es\\\/wp-content\\\/uploads\\\/2025\\\/09\\\/balcon-de-Europa-Rent-Ebike.jpg\",\"datePublished\":\"2024-11-15T15:44:05+00:00\",\"dateModified\":\"2026-02-03T03:57:54+00:00\",\"description\":\"Alquila una eBike en Nerja y explora la Costa del Sol sin esfuerzo. Bicicletas el\u00e9ctricas modernas para recorrer playas, miradores y pueblos.\",\"breadcrumb\":{\"@id\":\"https:\\\/\\\/andaluciaebikes.es\\\/es\\\/alquiler-ebike-nerja\\\/#breadcrumb\"},\"inLanguage\":\"es\",\"potentialAction\":[{\"@type\":\"ReadAction\",\"target\":[\"https:\\\/\\\/andaluciaebikes.es\\\/es\\\/alquiler-ebike-nerja\\\/\"]}]},{\"@type\":\"ImageObject\",\"inLanguage\":\"es\",\"@id\":\"https:\\\/\\\/andaluciaebikes.es\\\/es\\\/alquiler-ebike-nerja\\\/#primaryimage\",\"url\":\"https:\\\/\\\/andaluciaebikes.es\\\/wp-content\\\/uploads\\\/2025\\\/09\\\/balcon-de-Europa-Rent-Ebike.jpg\",\"contentUrl\":\"https:\\\/\\\/andaluciaebikes.es\\\/wp-content\\\/uploads\\\/2025\\\/09\\\/balcon-de-Europa-Rent-Ebike.jpg\",\"width\":1920,\"height\":1280,\"caption\":\"Coastal eBike route with sea views through Nerja and Maro.\"},{\"@type\":\"BreadcrumbList\",\"@id\":\"https:\\\/\\\/andaluciaebikes.es\\\/es\\\/alquiler-ebike-nerja\\\/#breadcrumb\",\"itemListElement\":[{\"@type\":\"ListItem\",\"position\":1,\"name\":\"Home\",\"item\":\"https:\\\/\\\/andaluciaebikes.es\\\/es\\\/\"},{\"@type\":\"ListItem\",\"position\":2,\"name\":\"Rent\"}]},{\"@type\":\"WebSite\",\"@id\":\"https:\\\/\\\/andaluciaebikes.es\\\/en\\\/#website\",\"url\":\"https:\\\/\\\/andaluciaebikes.es\\\/en\\\/\",\"name\":\"Andalucia Ebikes DMC & Tours\",\"description\":\"E-bike tours and unique travel experiences in Andalusia, Spain &amp; Portugal\",\"publisher\":{\"@id\":\"https:\\\/\\\/andaluciaebikes.es\\\/en\\\/#organization\"},\"alternateName\":\"Andaluc\u00eda Ebikes\",\"potentialAction\":[{\"@type\":\"SearchAction\",\"target\":{\"@type\":\"EntryPoint\",\"urlTemplate\":\"https:\\\/\\\/andaluciaebikes.es\\\/en\\\/?s={search_term_string}\"},\"query-input\":{\"@type\":\"PropertyValueSpecification\",\"valueRequired\":true,\"valueName\":\"search_term_string\"}}],\"inLanguage\":\"es\"},{\"@type\":\"Organization\",\"@id\":\"https:\\\/\\\/andaluciaebikes.es\\\/en\\\/#organization\",\"name\":\"Andalucia Ebikes DMC & Tours\",\"alternateName\":\"Andalucia ebikes\",\"url\":\"https:\\\/\\\/andaluciaebikes.es\\\/en\\\/\",\"logo\":{\"@type\":\"ImageObject\",\"inLanguage\":\"es\",\"@id\":\"https:\\\/\\\/andaluciaebikes.es\\\/en\\\/#\\\/schema\\\/logo\\\/image\\\/\",\"url\":\"https:\\\/\\\/andaluciaebikes.es\\\/wp-content\\\/uploads\\\/2024\\\/08\\\/logo-de-andalucia-ebikes.png\",\"contentUrl\":\"https:\\\/\\\/andaluciaebikes.es\\\/wp-content\\\/uploads\\\/2024\\\/08\\\/logo-de-andalucia-ebikes.png\",\"width\":250,\"height\":250,\"caption\":\"Andalucia Ebikes DMC & Tours\"},\"image\":{\"@id\":\"https:\\\/\\\/andaluciaebikes.es\\\/en\\\/#\\\/schema\\\/logo\\\/image\\\/\"},\"sameAs\":[\"https:\\\/\\\/www.facebook.com\\\/andalucia.ebikes\",\"https:\\\/\\\/www.instagram.com\\\/andaluciaebikes.es\\\/\",\"https:\\\/\\\/www.linkedin.com\\\/company\\\/andalucia-ebikes\\\/\",\"https:\\\/\\\/www.tiktok.com\\\/@andalucia.ebikes\"]}]}<\/script>\n<!-- \/ Yoast SEO plugin. -->","yoast_head_json":{"title":"Alquiler de eBike en Nerja | Bicicletas El\u00e9ctricas Costa del Sol","description":"Alquila una eBike en Nerja y explora la Costa del Sol sin esfuerzo. Bicicletas el\u00e9ctricas modernas para recorrer playas, miradores y pueblos.","robots":{"index":"index","follow":"follow","max-snippet":"max-snippet:-1","max-image-preview":"max-image-preview:large","max-video-preview":"max-video-preview:-1"},"canonical":"https:\/\/andaluciaebikes.es\/es\/alquiler-ebike-nerja\/","og_locale":"es_ES","og_type":"article","og_title":"Alquiler de eBike en Nerja \u2013 Descubre la Costa del Sol en bicicleta el\u00e9ctrica","og_description":"Vive Nerja a tu propio ritmo con nuestro servicio de alquiler de bicicletas el\u00e9ctricas. Libertad, sostenibilidad y rutas \u00fanicas en la Costa del Sol.","og_url":"https:\/\/andaluciaebikes.es\/es\/alquiler-ebike-nerja\/","og_site_name":"Andalucia E-bikes","article_publisher":"https:\/\/www.facebook.com\/andalucia.ebikes","article_modified_time":"2026-02-03T03:57:54+00:00","og_image":[{"width":1920,"height":1280,"url":"https:\/\/andaluciaebikes.es\/wp-content\/uploads\/2025\/09\/balcon-de-Europa-Rent-Ebike.jpg","type":"image\/jpeg"}],"schema":{"@context":"https:\/\/schema.org","@graph":[{"@type":"WebPage","@id":"https:\/\/andaluciaebikes.es\/es\/alquiler-ebike-nerja\/","url":"https:\/\/andaluciaebikes.es\/es\/alquiler-ebike-nerja\/","name":"Alquiler de eBike en Nerja | Bicicletas El\u00e9ctricas Costa del Sol","isPartOf":{"@id":"https:\/\/andaluciaebikes.es\/en\/#website"},"primaryImageOfPage":{"@id":"https:\/\/andaluciaebikes.es\/es\/alquiler-ebike-nerja\/#primaryimage"},"image":{"@id":"https:\/\/andaluciaebikes.es\/es\/alquiler-ebike-nerja\/#primaryimage"},"thumbnailUrl":"https:\/\/andaluciaebikes.es\/wp-content\/uploads\/2025\/09\/balcon-de-Europa-Rent-Ebike.jpg","datePublished":"2024-11-15T15:44:05+00:00","dateModified":"2026-02-03T03:57:54+00:00","description":"Alquila una eBike en Nerja y explora la Costa del Sol sin esfuerzo. Bicicletas el\u00e9ctricas modernas para recorrer playas, miradores y pueblos.","breadcrumb":{"@id":"https:\/\/andaluciaebikes.es\/es\/alquiler-ebike-nerja\/#breadcrumb"},"inLanguage":"es","potentialAction":[{"@type":"ReadAction","target":["https:\/\/andaluciaebikes.es\/es\/alquiler-ebike-nerja\/"]}]},{"@type":"ImageObject","inLanguage":"es","@id":"https:\/\/andaluciaebikes.es\/es\/alquiler-ebike-nerja\/#primaryimage","url":"https:\/\/andaluciaebikes.es\/wp-content\/uploads\/2025\/09\/balcon-de-Europa-Rent-Ebike.jpg","contentUrl":"https:\/\/andaluciaebikes.es\/wp-content\/uploads\/2025\/09\/balcon-de-Europa-Rent-Ebike.jpg","width":1920,"height":1280,"caption":"Coastal eBike route with sea views through Nerja and Maro."},{"@type":"BreadcrumbList","@id":"https:\/\/andaluciaebikes.es\/es\/alquiler-ebike-nerja\/#breadcrumb","itemListElement":[{"@type":"ListItem","position":1,"name":"Home","item":"https:\/\/andaluciaebikes.es\/es\/"},{"@type":"ListItem","position":2,"name":"Rent"}]},{"@type":"WebSite","@id":"https:\/\/andaluciaebikes.es\/en\/#website","url":"https:\/\/andaluciaebikes.es\/en\/","name":"Andalucia Ebikes DMC & Tours","description":"E-bike tours and unique travel experiences in Andalusia, Spain &amp; Portugal","publisher":{"@id":"https:\/\/andaluciaebikes.es\/en\/#organization"},"alternateName":"Andaluc\u00eda Ebikes","potentialAction":[{"@type":"SearchAction","target":{"@type":"EntryPoint","urlTemplate":"https:\/\/andaluciaebikes.es\/en\/?s={search_term_string}"},"query-input":{"@type":"PropertyValueSpecification","valueRequired":true,"valueName":"search_term_string"}}],"inLanguage":"es"},{"@type":"Organization","@id":"https:\/\/andaluciaebikes.es\/en\/#organization","name":"Andalucia Ebikes DMC & Tours","alternateName":"Andalucia ebikes","url":"https:\/\/andaluciaebikes.es\/en\/","logo":{"@type":"ImageObject","inLanguage":"es","@id":"https:\/\/andaluciaebikes.es\/en\/#\/schema\/logo\/image\/","url":"https:\/\/andaluciaebikes.es\/wp-content\/uploads\/2024\/08\/logo-de-andalucia-ebikes.png","contentUrl":"https:\/\/andaluciaebikes.es\/wp-content\/uploads\/2024\/08\/logo-de-andalucia-ebikes.png","width":250,"height":250,"caption":"Andalucia Ebikes DMC & Tours"},"image":{"@id":"https:\/\/andaluciaebikes.es\/en\/#\/schema\/logo\/image\/"},"sameAs":["https:\/\/www.facebook.com\/andalucia.ebikes","https:\/\/www.instagram.com\/andaluciaebikes.es\/","https:\/\/www.linkedin.com\/company\/andalucia-ebikes\/","https:\/\/www.tiktok.com\/@andalucia.ebikes"]}]}},"_links":{"self":[{"href":"https:\/\/andaluciaebikes.es\/es\/wp-json\/wp\/v2\/pages\/12016","targetHints":{"allow":["GET"]}}],"collection":[{"href":"https:\/\/andaluciaebikes.es\/es\/wp-json\/wp\/v2\/pages"}],"about":[{"href":"https:\/\/andaluciaebikes.es\/es\/wp-json\/wp\/v2\/types\/page"}],"author":[{"embeddable":true,"href":"https:\/\/andaluciaebikes.es\/es\/wp-json\/wp\/v2\/users\/1"}],"replies":[{"embeddable":true,"href":"https:\/\/andaluciaebikes.es\/es\/wp-json\/wp\/v2\/comments?post=12016"}],"version-history":[{"count":28,"href":"https:\/\/andaluciaebikes.es\/es\/wp-json\/wp\/v2\/pages\/12016\/revisions"}],"predecessor-version":[{"id":13976,"href":"https:\/\/andaluciaebikes.es\/es\/wp-json\/wp\/v2\/pages\/12016\/revisions\/13976"}],"wp:featuredmedia":[{"embeddable":true,"href":"https:\/\/andaluciaebikes.es\/es\/wp-json\/wp\/v2\/media\/13885"}],"wp:attachment":[{"href":"https:\/\/andaluciaebikes.es\/es\/wp-json\/wp\/v2\/media?parent=12016"}],"curies":[{"name":"wp","href":"https:\/\/api.w.org\/{rel}","templated":true}]}}