{"id":11960,"date":"2024-11-12T02:21:57","date_gmt":"2024-11-12T00:21:57","guid":{"rendered":"https:\/\/andaluciaebikes.es\/politica-de-cookies\/"},"modified":"2025-03-26T01:48:57","modified_gmt":"2025-03-25T23:48:57","slug":"politica-de-cookies","status":"publish","type":"page","link":"https:\/\/andaluciaebikes.es\/es\/politica-de-cookies\/","title":{"rendered":"Pol\u00edtica de cookies"},"content":{"rendered":"\t\t<div data-elementor-type=\"wp-page\" data-elementor-id=\"11960\" class=\"elementor elementor-11960 elementor-11919\" data-elementor-post-type=\"page\">\n\t\t\t\t<div class=\"elementor-element elementor-element-8bf9226 e-flex e-con-boxed e-con e-parent\" data-id=\"8bf9226\" data-element_type=\"container\" data-e-type=\"container\">\n\t\t\t\t\t<div class=\"e-con-inner\">\n\t\t\t\t<div class=\"elementor-element elementor-element-4960b48 elementor-widget elementor-widget-heading\" data-id=\"4960b48\" data-element_type=\"widget\" data-e-type=\"widget\" data-widget_type=\"heading.default\">\n\t\t\t\t<div class=\"elementor-widget-container\">\n\t\t\t\t\t<h2 class=\"elementor-heading-title elementor-size-default\">Pol\u00edtica de Cookies de Grupo BY LAN\n\n<\/h2>\t\t\t\t<\/div>\n\t\t\t\t<\/div>\n\t\t\t\t<div class=\"elementor-element elementor-element-3d6aa9e elementor-widget elementor-widget-text-editor\" data-id=\"3d6aa9e\" data-element_type=\"widget\" data-e-type=\"widget\" data-widget_type=\"text-editor.default\">\n\t\t\t\t<div class=\"elementor-widget-container\">\n\t\t\t\t\t\t\t\t\t<p>En andaluciaebikes.es utilizamos cookies para mejorar la experiencia de navegaci\u00f3n de nuestros usuarios y ofrecer un servicio adaptado a sus necesidades. Esta pol\u00edtica de cookies detalla los tipos de cookies que utilizamos, sus finalidades y c\u00f3mo puedes gestionarlas seg\u00fan tus preferencias. <\/p>\n<h3> <\/h3>\n\t\t\t\t\t\t\t\t<\/div>\n\t\t\t\t<\/div>\n\t\t\t\t<div class=\"elementor-element elementor-element-33509ae elementor-widget elementor-widget-heading\" data-id=\"33509ae\" data-element_type=\"widget\" data-e-type=\"widget\" data-widget_type=\"heading.default\">\n\t\t\t\t<div class=\"elementor-widget-container\">\n\t\t\t\t\t<h3 class=\"elementor-heading-title elementor-size-default\">1. \u00bfQu\u00e9 son las cookies?\n<\/h3>\t\t\t\t<\/div>\n\t\t\t\t<\/div>\n\t\t\t\t<div class=\"elementor-element elementor-element-9f76fa5 elementor-widget elementor-widget-text-editor\" data-id=\"9f76fa5\" data-element_type=\"widget\" data-e-type=\"widget\" data-widget_type=\"text-editor.default\">\n\t\t\t\t<div class=\"elementor-widget-container\">\n\t\t\t\t\t\t\t\t\t<p>Las cookies son peque\u00f1os archivos de texto que los sitios web env\u00edan al navegador y que se almacenan en el terminal o dispositivo del usuario (ordenador, m\u00f3vil, tableta, etc.). Sus funciones pueden variar ampliamente, desde almacenar preferencias de navegaci\u00f3n hasta recopilar informaci\u00f3n estad\u00edstica o mejorar la eficacia publicitaria. <\/p>\n\t\t\t\t\t\t\t\t<\/div>\n\t\t\t\t<\/div>\n\t\t\t\t<div class=\"elementor-element elementor-element-b72462e elementor-widget elementor-widget-heading\" data-id=\"b72462e\" data-element_type=\"widget\" data-e-type=\"widget\" data-widget_type=\"heading.default\">\n\t\t\t\t<div class=\"elementor-widget-container\">\n\t\t\t\t\t<h3 class=\"elementor-heading-title elementor-size-default\">2. \u00bfCu\u00e1l es la finalidad de las cookies en nuestro sitio web?\n<\/h3>\t\t\t\t<\/div>\n\t\t\t\t<\/div>\n\t\t\t\t<div class=\"elementor-element elementor-element-b2f9b04 elementor-widget elementor-widget-text-editor\" data-id=\"b2f9b04\" data-element_type=\"widget\" data-e-type=\"widget\" data-widget_type=\"text-editor.default\">\n\t\t\t\t<div class=\"elementor-widget-container\">\n\t\t\t\t\t\t\t\t\t<p>Las cookies en andaluciaebikes.es permiten que el sitio funcione de manera \u00f3ptima, proporcionando una navegaci\u00f3n adaptada a tus preferencias, como el idioma o la moneda, y ofreciendo contenidos y servicios personalizados. Adem\u00e1s, estas cookies nos ayudan a recopilar informaci\u00f3n estad\u00edstica para mejorar nuestros servicios y, en algunos casos, a mostrar publicidad adaptada a tus intereses. <\/p>\n\t\t\t\t\t\t\t\t<\/div>\n\t\t\t\t<\/div>\n\t\t\t\t<div class=\"elementor-element elementor-element-a1392a3 elementor-widget elementor-widget-heading\" data-id=\"a1392a3\" data-element_type=\"widget\" data-e-type=\"widget\" data-widget_type=\"heading.default\">\n\t\t\t\t<div class=\"elementor-widget-container\">\n\t\t\t\t\t<h3 class=\"elementor-heading-title elementor-size-default\">3. \u00bfC\u00f3mo utilizamos las cookies?\n<\/h3>\t\t\t\t<\/div>\n\t\t\t\t<\/div>\n\t\t\t\t<div class=\"elementor-element elementor-element-d8db30c elementor-widget elementor-widget-text-editor\" data-id=\"d8db30c\" data-element_type=\"widget\" data-e-type=\"widget\" data-widget_type=\"text-editor.default\">\n\t\t\t\t<div class=\"elementor-widget-container\">\n\t\t\t\t\t\t\t\t\t\n          <p>Navegar por nuestro sitio web implica la posibilidad de instalaci\u00f3n de distintos tipos de cookies en tu dispositivo, previa aceptaci\u00f3n de tu consentimiento, seg\u00fan las categor\u00edas siguientes:<\/p>\n          \n\n          <ul>\n            \n\n            <li><strong>Cookies estrictamente necesarias<\/strong>: Son esenciales para el correcto funcionamiento del sitio y permiten la navegaci\u00f3n o el acceso a \u00e1reas seguras. Sin estas cookies, algunos servicios no estar\u00edan disponibles. <\/li>\n            \n\n            <li><strong>Cookies de preferencias o personalizaci\u00f3n<\/strong>: Almacenan tus preferencias (como el idioma) para ofrecerte una experiencia m\u00e1s adaptada.<\/li>\n            \n\n            <li><strong>Cookies anal\u00edticas<\/strong>: Recopilan datos estad\u00edsticos an\u00f3nimos sobre la actividad en el sitio web, permiti\u00e9ndonos entender c\u00f3mo interact\u00faan los usuarios y mejorar nuestros servicios.<\/li>\n            \n\n            <li><strong>Cookies publicitarias<\/strong>: Se utilizan para gestionar los espacios publicitarios y mostrar anuncios relevantes en funci\u00f3n de la frecuencia de visitas o de otros factores.<\/li>\n          <\/ul>\n        \t\t\t\t\t\t\t\t<\/div>\n\t\t\t\t<\/div>\n\t\t\t\t<div class=\"elementor-element elementor-element-0afebf6 elementor-widget elementor-widget-heading\" data-id=\"0afebf6\" data-element_type=\"widget\" data-e-type=\"widget\" data-widget_type=\"heading.default\">\n\t\t\t\t<div class=\"elementor-widget-container\">\n\t\t\t\t\t<h3 class=\"elementor-heading-title elementor-size-default\">4. Tipos de cookies utilizadas en granadalternativa.com\n<\/h3>\t\t\t\t<\/div>\n\t\t\t\t<\/div>\n\t\t\t\t<div class=\"elementor-element elementor-element-8fd9887 elementor-widget elementor-widget-text-editor\" data-id=\"8fd9887\" data-element_type=\"widget\" data-e-type=\"widget\" data-widget_type=\"text-editor.default\">\n\t\t\t\t<div class=\"elementor-widget-container\">\n\t\t\t\t\t\t\t\t\t<table>\n<thead>\n<tr>\n<th><strong>Nombre del Cookie<\/strong><\/th>\n<th><strong>Finalidad<\/strong><\/th>\n<th><strong>Caducidad<\/strong><\/th>\n<th><strong>Tipo<\/strong><\/th>\n<\/tr>\n<\/thead>\n<tbody>\n<tr>\n<td>PHP.SESSID<\/td>\n<td>Identificador de Sesi\u00f3n<\/td>\n<td>Al fnalizar la sesi\u00f3n<\/td>\n<td>Propia, Necesaria<\/td>\n<\/tr>\n<tr>\n<td>_ga<\/td>\n<td>Medici\u00f3n interna Google Analytics<\/td>\n<td>2 a\u00f1os<\/td>\n<td>Tercera (Google), anal\u00edtica<\/td>\n<\/tr>\n<tr>\n<td>_gat<\/td>\n<td>Contabiliza las solicitudes<\/td>\n<td>Sesi\u00f3n<\/td>\n<td>Tercera (Google), anal\u00edtica<\/td>\n<\/tr>\n<\/tbody>\n<\/table>\n\t\t\t\t\t\t\t\t<\/div>\n\t\t\t\t<\/div>\n\t\t\t\t<div class=\"elementor-element elementor-element-80d49fb elementor-widget elementor-widget-heading\" data-id=\"80d49fb\" data-element_type=\"widget\" data-e-type=\"widget\" data-widget_type=\"heading.default\">\n\t\t\t\t<div class=\"elementor-widget-container\">\n\t\t\t\t\t<h3 class=\"elementor-heading-title elementor-size-default\">5. \u00bfC\u00f3mo configurar tus preferencias de cookies?\n<\/h3>\t\t\t\t<\/div>\n\t\t\t\t<\/div>\n\t\t\t\t<div class=\"elementor-element elementor-element-51dd165 elementor-widget elementor-widget-text-editor\" data-id=\"51dd165\" data-element_type=\"widget\" data-e-type=\"widget\" data-widget_type=\"text-editor.default\">\n\t\t\t\t<div class=\"elementor-widget-container\">\n\t\t\t\t\t\t\t\t\t<p>Puedes permitir, bloquear o eliminar las cookies instaladas en tu dispositivo mediante la configuraci\u00f3n de las opciones de tu navegador de internet. Ten en cuenta que si bloqueas algunas cookies, ciertos servicios o funcionalidades de la web podr\u00edan no estar disponibles. <\/p>\n<p>A continuaci\u00f3n, encontrar\u00e1s enlaces a las instrucciones para gestionar cookies en los navegadores m\u00e1s comunes:<\/p>\n<ul>\n<li><strong>Google Chrome:<\/strong> <a target=\"_new\" rel=\"noopener\">Gestionar cookies en Chrome<\/a><\/li>\n<li><strong>Microsoft Edge\/Internet Explorer:<\/strong> <a href=\"https:\/\/support.microsoft.com\/en-us\/topic\/delete-and-manage-cookies-168dab11-0753-043d-7c16-ede5947fc64d\" target=\"_new\" rel=\"noopener\">Gestionar cookies en IE<\/a><\/li>\n<li><strong>Mozilla Firefox:<\/strong> <a href=\"https:\/\/support.mozilla.org\/en-US\/kb\/enhanced-tracking-protection-firefox-desktop\" target=\"_new\" rel=\"noopener\">Manage cookies in Firefox<\/a><\/li>\n<li><strong>Safari:<\/strong> <a href=\"https:\/\/support.apple.com\/guide\/safari\/manage-cookies-and-website-data-sfri11471\/mac\" target=\"_new\" rel=\"noopener\">Gestionar cookies en Safari<\/a><\/li>\n<li><strong>Opera:<\/strong> <a target=\"_new\" rel=\"noopener\">Gestionar cookies en Opera<\/a><\/li>\n<\/ul>\n\t\t\t\t\t\t\t\t<\/div>\n\t\t\t\t<\/div>\n\t\t\t\t<div class=\"elementor-element elementor-element-d30d8ba elementor-widget elementor-widget-heading\" data-id=\"d30d8ba\" data-element_type=\"widget\" data-e-type=\"widget\" data-widget_type=\"heading.default\">\n\t\t\t\t<div class=\"elementor-widget-container\">\n\t\t\t\t\t<h3 class=\"elementor-heading-title elementor-size-default\">6. Actualizaci\u00f3n de la Pol\u00edtica de Cookies\n<\/h3>\t\t\t\t<\/div>\n\t\t\t\t<\/div>\n\t\t\t\t<div class=\"elementor-element elementor-element-6100b35 elementor-widget elementor-widget-text-editor\" data-id=\"6100b35\" data-element_type=\"widget\" data-e-type=\"widget\" data-widget_type=\"text-editor.default\">\n\t\t\t\t<div class=\"elementor-widget-container\">\n\t\t\t\t\t\t\t\t\t<div class=\"flex max-w-full flex-col flex-grow\">\n<div class=\"min-h-8 text-message flex w-full flex-col items-end gap-2 whitespace-normal break-words [.text-message+&amp;]:mt-5\" dir=\"auto\" data-message-author-role=\"assistant\" data-message-id=\"f0686c12-3a27-437d-8b3f-95346f56ddfa\" data-message-model-slug=\"gpt-4o\">\n<div class=\"flex w-full flex-col gap-1 empty:hidden first:pt-[3px]\">\n<div class=\"markdown prose w-full break-words dark:prose-invert dark\">\n<p>Grupo BY LAN se reserva el derecho de modificar esta pol\u00edtica de cookies en cualquier momento para adaptarla a nuevos requisitos legales o t\u00e9cnicos, o a los cambios en nuestros servicios. Cualquier cambio en la pol\u00edtica se reflejar\u00e1 en esta p\u00e1gina para mantener a nuestros usuarios informados sobre el uso de cookies en nuestro sitio web. <\/p>\n<\/p><\/div>\n<\/p><\/div>\n<\/p><\/div>\n<\/p><\/div>\n\t\t\t\t\t\t\t\t<\/div>\n\t\t\t\t<\/div>\n\t\t\t\t\t<\/div>\n\t\t\t\t<\/div>\n\t\t\t\t<\/div>\n\t\t","protected":false},"excerpt":{"rendered":"<p>Pol\u00edtica de Cookies de Grupo BY LAN En andaluciaebikes.es utilizamos cookies para mejorar la experiencia de navegaci\u00f3n de nuestros usuarios y ofrecer un servicio adaptado a sus necesidades. Esta pol\u00edtica de cookies detalla los tipos de cookies que utilizamos, sus finalidades y c\u00f3mo puedes gestionarlas seg\u00fan tus preferencias. 1. \u00bfQu\u00e9 son las cookies? Las cookies [&hellip;]<\/p>\n","protected":false},"author":1,"featured_media":0,"parent":0,"menu_order":0,"comment_status":"closed","ping_status":"closed","template":"elementor_header_footer","meta":{"footnotes":""},"class_list":["post-11960","page","type-page","status-publish","has-post-thumbnail","hentry"],"yoast_head":"<!-- This site is optimized with the Yoast SEO plugin v27.3 - https:\/\/yoast.com\/product\/yoast-seo-wordpress\/ -->\n<title>Pol\u00edtica de cookies | Andaluc\u00eda Ebikes Tours &amp; Rentals<\/title>\n<meta name=\"description\" content=\"Discover guided eBike tours and rentals in Nerja, Maro, and Andalusia. Small groups, expert local guides, unique routes. Book your adventure today!\" \/>\n<meta name=\"robots\" content=\"index, nofollow, max-snippet:-1, max-image-preview:large, max-video-preview:-1\" \/>\n<link rel=\"canonical\" href=\"https:\/\/andaluciaebikes.es\/es\/politica-de-cookies\/\" \/>\n<meta property=\"og:locale\" content=\"es_ES\" \/>\n<meta property=\"og:type\" content=\"article\" \/>\n<meta property=\"og:title\" content=\"Pol\u00edtica de cookies | Andaluc\u00eda Ebikes Tours &amp; Rentals\" \/>\n<meta property=\"og:description\" content=\"Discover guided eBike tours and rentals in Nerja, Maro, and Andalusia. Small groups, expert local guides, unique routes. Book your adventure today!\" \/>\n<meta property=\"og:url\" content=\"https:\/\/andaluciaebikes.es\/es\/politica-de-cookies\/\" \/>\n<meta property=\"og:site_name\" content=\"Andalucia E-bikes\" \/>\n<meta property=\"article:publisher\" content=\"https:\/\/www.facebook.com\/andalucia.ebikes\" \/>\n<meta property=\"article:modified_time\" content=\"2025-03-25T23:48:57+00:00\" \/>\n<meta property=\"og:image\" content=\"https:\/\/andaluciaebikes.es\/wp-content\/uploads\/2022\/04\/ChatGPT-Image-28-sept-2025-23_03_33.jpg\" \/>\n\t<meta property=\"og:image:width\" content=\"1536\" \/>\n\t<meta property=\"og:image:height\" content=\"1024\" \/>\n\t<meta property=\"og:image:type\" content=\"image\/jpeg\" \/>\n<script type=\"application\/ld+json\" class=\"yoast-schema-graph\">{\"@context\":\"https:\\\/\\\/schema.org\",\"@graph\":[{\"@type\":\"WebPage\",\"@id\":\"https:\\\/\\\/andaluciaebikes.es\\\/es\\\/politica-de-cookies\\\/\",\"url\":\"https:\\\/\\\/andaluciaebikes.es\\\/es\\\/politica-de-cookies\\\/\",\"name\":\"Pol\u00edtica de cookies | Andaluc\u00eda Ebikes Tours & Rentals\",\"isPartOf\":{\"@id\":\"https:\\\/\\\/andaluciaebikes.es\\\/en\\\/#website\"},\"datePublished\":\"2024-11-12T00:21:57+00:00\",\"dateModified\":\"2025-03-25T23:48:57+00:00\",\"description\":\"Discover guided eBike tours and rentals in Nerja, Maro, and Andalusia. Small groups, expert local guides, unique routes. Book your adventure today!\",\"breadcrumb\":{\"@id\":\"https:\\\/\\\/andaluciaebikes.es\\\/es\\\/politica-de-cookies\\\/#breadcrumb\"},\"inLanguage\":\"es\",\"potentialAction\":[{\"@type\":\"ReadAction\",\"target\":[\"https:\\\/\\\/andaluciaebikes.es\\\/es\\\/politica-de-cookies\\\/\"]}]},{\"@type\":\"BreadcrumbList\",\"@id\":\"https:\\\/\\\/andaluciaebikes.es\\\/es\\\/politica-de-cookies\\\/#breadcrumb\",\"itemListElement\":[{\"@type\":\"ListItem\",\"position\":1,\"name\":\"Home\",\"item\":\"https:\\\/\\\/andaluciaebikes.es\\\/es\\\/\"},{\"@type\":\"ListItem\",\"position\":2,\"name\":\"Pol\u00edtica de cookies\"}]},{\"@type\":\"WebSite\",\"@id\":\"https:\\\/\\\/andaluciaebikes.es\\\/en\\\/#website\",\"url\":\"https:\\\/\\\/andaluciaebikes.es\\\/en\\\/\",\"name\":\"Andalucia Ebikes DMC & Tours\",\"description\":\"E-bike tours and unique travel experiences in Andalusia, Spain &amp; Portugal\",\"publisher\":{\"@id\":\"https:\\\/\\\/andaluciaebikes.es\\\/en\\\/#organization\"},\"alternateName\":\"Andaluc\u00eda Ebikes\",\"potentialAction\":[{\"@type\":\"SearchAction\",\"target\":{\"@type\":\"EntryPoint\",\"urlTemplate\":\"https:\\\/\\\/andaluciaebikes.es\\\/en\\\/?s={search_term_string}\"},\"query-input\":{\"@type\":\"PropertyValueSpecification\",\"valueRequired\":true,\"valueName\":\"search_term_string\"}}],\"inLanguage\":\"es\"},{\"@type\":\"Organization\",\"@id\":\"https:\\\/\\\/andaluciaebikes.es\\\/en\\\/#organization\",\"name\":\"Andalucia Ebikes DMC & Tours\",\"alternateName\":\"Andalucia ebikes\",\"url\":\"https:\\\/\\\/andaluciaebikes.es\\\/en\\\/\",\"logo\":{\"@type\":\"ImageObject\",\"inLanguage\":\"es\",\"@id\":\"https:\\\/\\\/andaluciaebikes.es\\\/en\\\/#\\\/schema\\\/logo\\\/image\\\/\",\"url\":\"https:\\\/\\\/andaluciaebikes.es\\\/wp-content\\\/uploads\\\/2024\\\/08\\\/logo-de-andalucia-ebikes.png\",\"contentUrl\":\"https:\\\/\\\/andaluciaebikes.es\\\/wp-content\\\/uploads\\\/2024\\\/08\\\/logo-de-andalucia-ebikes.png\",\"width\":250,\"height\":250,\"caption\":\"Andalucia Ebikes DMC & Tours\"},\"image\":{\"@id\":\"https:\\\/\\\/andaluciaebikes.es\\\/en\\\/#\\\/schema\\\/logo\\\/image\\\/\"},\"sameAs\":[\"https:\\\/\\\/www.facebook.com\\\/andalucia.ebikes\",\"https:\\\/\\\/www.instagram.com\\\/andaluciaebikes.es\\\/\",\"https:\\\/\\\/www.linkedin.com\\\/company\\\/andalucia-ebikes\\\/\",\"https:\\\/\\\/www.tiktok.com\\\/@andalucia.ebikes\"]}]}<\/script>\n<!-- \/ Yoast SEO plugin. -->","yoast_head_json":{"title":"Pol\u00edtica de cookies | Andaluc\u00eda Ebikes Tours & Rentals","description":"Discover guided eBike tours and rentals in Nerja, Maro, and Andalusia. Small groups, expert local guides, unique routes. Book your adventure today!","robots":{"index":"index","follow":"nofollow","max-snippet":"max-snippet:-1","max-image-preview":"max-image-preview:large","max-video-preview":"max-video-preview:-1"},"canonical":"https:\/\/andaluciaebikes.es\/es\/politica-de-cookies\/","og_locale":"es_ES","og_type":"article","og_title":"Pol\u00edtica de cookies | Andaluc\u00eda Ebikes Tours & Rentals","og_description":"Discover guided eBike tours and rentals in Nerja, Maro, and Andalusia. Small groups, expert local guides, unique routes. Book your adventure today!","og_url":"https:\/\/andaluciaebikes.es\/es\/politica-de-cookies\/","og_site_name":"Andalucia E-bikes","article_publisher":"https:\/\/www.facebook.com\/andalucia.ebikes","article_modified_time":"2025-03-25T23:48:57+00:00","og_image":[{"width":1536,"height":1024,"url":"https:\/\/andaluciaebikes.es\/wp-content\/uploads\/2022\/04\/ChatGPT-Image-28-sept-2025-23_03_33.jpg","type":"image\/jpeg"}],"schema":{"@context":"https:\/\/schema.org","@graph":[{"@type":"WebPage","@id":"https:\/\/andaluciaebikes.es\/es\/politica-de-cookies\/","url":"https:\/\/andaluciaebikes.es\/es\/politica-de-cookies\/","name":"Pol\u00edtica de cookies | Andaluc\u00eda Ebikes Tours & Rentals","isPartOf":{"@id":"https:\/\/andaluciaebikes.es\/en\/#website"},"datePublished":"2024-11-12T00:21:57+00:00","dateModified":"2025-03-25T23:48:57+00:00","description":"Discover guided eBike tours and rentals in Nerja, Maro, and Andalusia. Small groups, expert local guides, unique routes. Book your adventure today!","breadcrumb":{"@id":"https:\/\/andaluciaebikes.es\/es\/politica-de-cookies\/#breadcrumb"},"inLanguage":"es","potentialAction":[{"@type":"ReadAction","target":["https:\/\/andaluciaebikes.es\/es\/politica-de-cookies\/"]}]},{"@type":"BreadcrumbList","@id":"https:\/\/andaluciaebikes.es\/es\/politica-de-cookies\/#breadcrumb","itemListElement":[{"@type":"ListItem","position":1,"name":"Home","item":"https:\/\/andaluciaebikes.es\/es\/"},{"@type":"ListItem","position":2,"name":"Pol\u00edtica de cookies"}]},{"@type":"WebSite","@id":"https:\/\/andaluciaebikes.es\/en\/#website","url":"https:\/\/andaluciaebikes.es\/en\/","name":"Andalucia Ebikes DMC & Tours","description":"E-bike tours and unique travel experiences in Andalusia, Spain &amp; Portugal","publisher":{"@id":"https:\/\/andaluciaebikes.es\/en\/#organization"},"alternateName":"Andaluc\u00eda Ebikes","potentialAction":[{"@type":"SearchAction","target":{"@type":"EntryPoint","urlTemplate":"https:\/\/andaluciaebikes.es\/en\/?s={search_term_string}"},"query-input":{"@type":"PropertyValueSpecification","valueRequired":true,"valueName":"search_term_string"}}],"inLanguage":"es"},{"@type":"Organization","@id":"https:\/\/andaluciaebikes.es\/en\/#organization","name":"Andalucia Ebikes DMC & Tours","alternateName":"Andalucia ebikes","url":"https:\/\/andaluciaebikes.es\/en\/","logo":{"@type":"ImageObject","inLanguage":"es","@id":"https:\/\/andaluciaebikes.es\/en\/#\/schema\/logo\/image\/","url":"https:\/\/andaluciaebikes.es\/wp-content\/uploads\/2024\/08\/logo-de-andalucia-ebikes.png","contentUrl":"https:\/\/andaluciaebikes.es\/wp-content\/uploads\/2024\/08\/logo-de-andalucia-ebikes.png","width":250,"height":250,"caption":"Andalucia Ebikes DMC & Tours"},"image":{"@id":"https:\/\/andaluciaebikes.es\/en\/#\/schema\/logo\/image\/"},"sameAs":["https:\/\/www.facebook.com\/andalucia.ebikes","https:\/\/www.instagram.com\/andaluciaebikes.es\/","https:\/\/www.linkedin.com\/company\/andalucia-ebikes\/","https:\/\/www.tiktok.com\/@andalucia.ebikes"]}]}},"_links":{"self":[{"href":"https:\/\/andaluciaebikes.es\/es\/wp-json\/wp\/v2\/pages\/11960","targetHints":{"allow":["GET"]}}],"collection":[{"href":"https:\/\/andaluciaebikes.es\/es\/wp-json\/wp\/v2\/pages"}],"about":[{"href":"https:\/\/andaluciaebikes.es\/es\/wp-json\/wp\/v2\/types\/page"}],"author":[{"embeddable":true,"href":"https:\/\/andaluciaebikes.es\/es\/wp-json\/wp\/v2\/users\/1"}],"replies":[{"embeddable":true,"href":"https:\/\/andaluciaebikes.es\/es\/wp-json\/wp\/v2\/comments?post=11960"}],"version-history":[{"count":1,"href":"https:\/\/andaluciaebikes.es\/es\/wp-json\/wp\/v2\/pages\/11960\/revisions"}],"predecessor-version":[{"id":11961,"href":"https:\/\/andaluciaebikes.es\/es\/wp-json\/wp\/v2\/pages\/11960\/revisions\/11961"}],"wp:attachment":[{"href":"https:\/\/andaluciaebikes.es\/es\/wp-json\/wp\/v2\/media?parent=11960"}],"curies":[{"name":"wp","href":"https:\/\/api.w.org\/{rel}","templated":true}]}}