{"id":11958,"date":"2024-11-12T21:51:32","date_gmt":"2024-11-12T19:51:32","guid":{"rendered":"https:\/\/andaluciaebikes.es\/politica-de-privacidad\/"},"modified":"2025-08-07T16:32:24","modified_gmt":"2025-08-07T14:32:24","slug":"politica-de-privacidad","status":"publish","type":"page","link":"https:\/\/andaluciaebikes.es\/es\/politica-de-privacidad\/","title":{"rendered":"Pol\u00edtica de Privacidad"},"content":{"rendered":"\t\t<div data-elementor-type=\"wp-page\" data-elementor-id=\"11958\" class=\"elementor elementor-11958 elementor-11953\" data-elementor-post-type=\"page\">\n\t\t\t\t<div class=\"elementor-element elementor-element-8bf9226 e-flex e-con-boxed e-con e-parent\" data-id=\"8bf9226\" data-element_type=\"container\" data-e-type=\"container\">\n\t\t\t\t\t<div class=\"e-con-inner\">\n\t\t\t\t<div class=\"elementor-element elementor-element-4960b48 elementor-widget elementor-widget-heading\" data-id=\"4960b48\" data-element_type=\"widget\" data-e-type=\"widget\" data-widget_type=\"heading.default\">\n\t\t\t\t<div class=\"elementor-widget-container\">\n\t\t\t\t\t<h2 class=\"elementor-heading-title elementor-size-default\">Pol\u00edtica de Privacidad de Grupo BY LAN\n\n<\/h2>\t\t\t\t<\/div>\n\t\t\t\t<\/div>\n\t\t\t\t<div class=\"elementor-element elementor-element-3d6aa9e elementor-widget elementor-widget-text-editor\" data-id=\"3d6aa9e\" data-element_type=\"widget\" data-e-type=\"widget\" data-widget_type=\"text-editor.default\">\n\t\t\t\t<div class=\"elementor-widget-container\">\n\t\t\t\t\t\t\t\t\t\n          <p>En Grupo BY LAN valoramos y respetamos la privacidad de los datos personales de nuestros usuarios. Esta pol\u00edtica de privacidad describe c\u00f3mo recopilamos, utilizamos y protegemos la informaci\u00f3n que nos proporcionas, en cumplimiento con el Reglamento General de Protecci\u00f3n de Datos (RGPD) y la normativa espa\u00f1ola vigente. <\/p>\n        \t\t\t\t\t\t\t\t<\/div>\n\t\t\t\t<\/div>\n\t\t\t\t<div class=\"elementor-element elementor-element-33509ae elementor-widget elementor-widget-heading\" data-id=\"33509ae\" data-element_type=\"widget\" data-e-type=\"widget\" data-widget_type=\"heading.default\">\n\t\t\t\t<div class=\"elementor-widget-container\">\n\t\t\t\t\t<h3 class=\"elementor-heading-title elementor-size-default\">1. \u00bfQui\u00e9n es el Responsable del Tratamiento de sus datos personales?\n\n<\/h3>\t\t\t\t<\/div>\n\t\t\t\t<\/div>\n\t\t\t\t<div class=\"elementor-element elementor-element-9f76fa5 elementor-widget elementor-widget-text-editor\" data-id=\"9f76fa5\" data-element_type=\"widget\" data-e-type=\"widget\" data-widget_type=\"text-editor.default\">\n\t\t\t\t<div class=\"elementor-widget-container\">\n\t\t\t\t\t\t\t\t\t\n          <ul>\n            <li><strong>Identidad<\/strong>: Lucas Antonio Naretto<\/li>\n            <li><strong>Domicilio social<\/strong>: C\/ Salvador, 12 3er Piso. 18009 Granada, Espa\u00f1a<\/li>\n            <li><strong>C.I.F.<\/strong>: Y4824012Y<\/li>\n            <li><strong>Correo electr\u00f3nico de contacto:<\/strong> <a rel=\"noopener\">info@andaluciaebikes.es<\/a><\/li>\n            <li><strong>Tel\u00e9fono:<\/strong> (+34) 613 541 470<\/li>\n          <\/ul>\n        \t\t\t\t\t\t\t\t<\/div>\n\t\t\t\t<\/div>\n\t\t\t\t<div class=\"elementor-element elementor-element-b72462e elementor-widget elementor-widget-heading\" data-id=\"b72462e\" data-element_type=\"widget\" data-e-type=\"widget\" data-widget_type=\"heading.default\">\n\t\t\t\t<div class=\"elementor-widget-container\">\n\t\t\t\t\t<h3 class=\"elementor-heading-title elementor-size-default\">2. \u00bfCon qu\u00e9 finalidad tratamos sus datos personales?\n<\/h3>\t\t\t\t<\/div>\n\t\t\t\t<\/div>\n\t\t\t\t<div class=\"elementor-element elementor-element-b2f9b04 elementor-widget elementor-widget-text-editor\" data-id=\"b2f9b04\" data-element_type=\"widget\" data-e-type=\"widget\" data-widget_type=\"text-editor.default\">\n\t\t\t\t<div class=\"elementor-widget-container\">\n\t\t\t\t\t\t\t\t\t\n          <p>Tratamos los datos personales que el usuario nos facilita para las siguientes finalidades:<\/p>\n          <ul>\n            <li><strong>Gesti\u00f3n de solicitudes<\/strong>: Gestionar las solicitudes de informaci\u00f3n realizadas a trav\u00e9s de nuestro Sitio Web.<\/li>\n            <li><strong>Env\u00edo de comunicaciones comerciales<\/strong>: Enviar, si as\u00ed lo autorizas, comunicaciones comerciales relacionadas con nuestros productos y servicios que puedan ser de tu inter\u00e9s.<\/li>\n          <\/ul>\n        \t\t\t\t\t\t\t\t<\/div>\n\t\t\t\t<\/div>\n\t\t\t\t<div class=\"elementor-element elementor-element-a1392a3 elementor-widget elementor-widget-heading\" data-id=\"a1392a3\" data-element_type=\"widget\" data-e-type=\"widget\" data-widget_type=\"heading.default\">\n\t\t\t\t<div class=\"elementor-widget-container\">\n\t\t\t\t\t<h3 class=\"elementor-heading-title elementor-size-default\">3. \u00bfDurante cu\u00e1nto tiempo conservaremos sus datos?<\/h3>\t\t\t\t<\/div>\n\t\t\t\t<\/div>\n\t\t\t\t<div class=\"elementor-element elementor-element-d8db30c elementor-widget elementor-widget-text-editor\" data-id=\"d8db30c\" data-element_type=\"widget\" data-e-type=\"widget\" data-widget_type=\"text-editor.default\">\n\t\t\t\t<div class=\"elementor-widget-container\">\n\t\t\t\t\t\t\t\t\t\n          <p>Los datos personales proporcionados se conservar\u00e1n:<\/p>\n          <ul>\n            <li>Mientras dure la relaci\u00f3n derivada de la solicitud de informaci\u00f3n.<\/li>\n            <li>Durante seis a\u00f1os o el plazo necesario para cumplir con nuestras obligaciones legales o hasta que retires tu consentimiento para finalidades comerciales.<\/li>\n          <\/ul>\n        \t\t\t\t\t\t\t\t<\/div>\n\t\t\t\t<\/div>\n\t\t\t\t<div class=\"elementor-element elementor-element-0afebf6 elementor-widget elementor-widget-heading\" data-id=\"0afebf6\" data-element_type=\"widget\" data-e-type=\"widget\" data-widget_type=\"heading.default\">\n\t\t\t\t<div class=\"elementor-widget-container\">\n\t\t\t\t\t<h3 class=\"elementor-heading-title elementor-size-default\">4. \u00bfCu\u00e1l es la legitimaci\u00f3n para el tratamiento de sus datos?\n<\/h3>\t\t\t\t<\/div>\n\t\t\t\t<\/div>\n\t\t\t\t<div class=\"elementor-element elementor-element-8fd9887 elementor-widget elementor-widget-text-editor\" data-id=\"8fd9887\" data-element_type=\"widget\" data-e-type=\"widget\" data-widget_type=\"text-editor.default\">\n\t\t\t\t<div class=\"elementor-widget-container\">\n\t\t\t\t\t\t\t\t\t\n          <p>La base legal para el tratamiento de tus datos es:<\/p>\n          <ul>\n            <li><strong>El consentimiento del usuario<\/strong>: Cuando aceptas expresamente nuestra pol\u00edtica de tratamiento de datos en los formularios del Sitio Web.<ul><li>Los campos marcados como \u201cobligatorios\u201d son necesarios para responder correctamente a tu solicitud.<\/li><li>La falta de datos en los campos obligatorios puede impedir la gesti\u00f3n completa de tu solicitud.<\/li><\/ul><\/li>\n          <\/ul>\n          <p>Es importante que comuniques a Lucas Antonio Naretto cualquier actualizaci\u00f3n de tus datos personales para mantener la informaci\u00f3n exacta y actualizada en nuestros ficheros.<\/p>\n        \t\t\t\t\t\t\t\t<\/div>\n\t\t\t\t<\/div>\n\t\t\t\t<div class=\"elementor-element elementor-element-80d49fb elementor-widget elementor-widget-heading\" data-id=\"80d49fb\" data-element_type=\"widget\" data-e-type=\"widget\" data-widget_type=\"heading.default\">\n\t\t\t\t<div class=\"elementor-widget-container\">\n\t\t\t\t\t<h3 class=\"elementor-heading-title elementor-size-default\">5. \u00bfA qu\u00e9 destinatarios se comunicar\u00e1n sus datos?\n<\/h3>\t\t\t\t<\/div>\n\t\t\t\t<\/div>\n\t\t\t\t<div class=\"elementor-element elementor-element-51dd165 elementor-widget elementor-widget-text-editor\" data-id=\"51dd165\" data-element_type=\"widget\" data-e-type=\"widget\" data-widget_type=\"text-editor.default\">\n\t\t\t\t<div class=\"elementor-widget-container\">\n\t\t\t\t\t\t\t\t\t\n          <p>Tus datos personales podr\u00e1n ser cedidos a las sociedades del Grupo BY LAN exclusivamente para fines administrativos internos y de gesti\u00f3n comercial, siempre con las garant\u00edas adecuadas de protecci\u00f3n de datos.<\/p>\n        \t\t\t\t\t\t\t\t<\/div>\n\t\t\t\t<\/div>\n\t\t\t\t<div class=\"elementor-element elementor-element-d30d8ba elementor-widget elementor-widget-heading\" data-id=\"d30d8ba\" data-element_type=\"widget\" data-e-type=\"widget\" data-widget_type=\"heading.default\">\n\t\t\t\t<div class=\"elementor-widget-container\">\n\t\t\t\t\t<h3 class=\"elementor-heading-title elementor-size-default\">6. \u00bfCu\u00e1les son sus derechos cuando nos facilita sus datos personales?<\/h3>\t\t\t\t<\/div>\n\t\t\t\t<\/div>\n\t\t\t\t<div class=\"elementor-element elementor-element-6100b35 elementor-widget elementor-widget-text-editor\" data-id=\"6100b35\" data-element_type=\"widget\" data-e-type=\"widget\" data-widget_type=\"text-editor.default\">\n\t\t\t\t<div class=\"elementor-widget-container\">\n\t\t\t\t\t\t\t\t\t\n          <p>Como usuario tienes derecho a:<\/p>\n          <ul>\n            <li><strong>Acceso<\/strong>: Solicitar acceso a tus datos personales.<\/li>\n            <li><strong>Rectificaci\u00f3n<\/strong>: Solicitar la correcci\u00f3n de datos inexactos.<\/li>\n            <li><strong>Supresi\u00f3n<\/strong>: Solicitar la eliminaci\u00f3n de tus datos cuando ya no sean necesarios para los fines para los que fueron recogidos.<\/li>\n            <li><strong>Limitaci\u00f3n<\/strong>: Solicitar la limitaci\u00f3n del tratamiento de tus datos en ciertas circunstancias.<\/li>\n            <li><strong>Oposici\u00f3n<\/strong>: Oponerte al tratamiento de tus datos por motivos relacionados con tu situaci\u00f3n particular.<\/li>\n            <li><strong>Portabilidad<\/strong>: Solicitar la transmisi\u00f3n de tus datos a otra entidad.<\/li>\n          <\/ul>\n          <p>Adem\u00e1s, puedes revocar tu consentimiento en cualquier momento, sin que ello afecte a la legalidad del tratamiento basado en tu consentimiento previo.<\/p>\n          <p>Para ejercer cualquiera de estos derechos, puedes dirigirte a nosotros en:<\/p>\n          <ul>\n            <li><strong>Domicilio social<\/strong>: Grupo BY LAN, C\/ Salvador, 12 3er Piso. 18009 Granada, Espa\u00f1a.<\/li>\n            <li><strong>Correo electr\u00f3nico:<\/strong> <a rel=\"noopener\">info@andaluciaebikes.es<\/a><\/li>\n          <\/ul>\n          <p>En caso de que no obtengas una respuesta satisfactoria a tu solicitud, tambi\u00e9n puedes presentar una reclamaci\u00f3n ante la Agencia Espa\u00f1ola de Protecci\u00f3n de Datos (AEPD) en su sitio web (<a href=\"http:\/\/www.aepd.es\" target=\"_new\" rel=\"noopener\">www.aepd.es<\/a>) o en su sede en la C\/ Jorge Juan, 6, 28001 Madrid, Espa\u00f1a.<\/p>\n        \t\t\t\t\t\t\t\t<\/div>\n\t\t\t\t<\/div>\n\t\t\t\t\t<\/div>\n\t\t\t\t<\/div>\n\t\t\t\t<\/div>\n\t\t","protected":false},"excerpt":{"rendered":"<p>Pol\u00edtica de Privacidad de Grupo BY LAN En Grupo BY LAN valoramos y respetamos la privacidad de los datos personales de nuestros usuarios. Esta pol\u00edtica de privacidad describe c\u00f3mo recopilamos, utilizamos y protegemos la informaci\u00f3n que nos proporcionas, en cumplimiento con el Reglamento General de Protecci\u00f3n de Datos (RGPD) y la normativa espa\u00f1ola vigente. 1. [&hellip;]<\/p>\n","protected":false},"author":1,"featured_media":0,"parent":0,"menu_order":0,"comment_status":"closed","ping_status":"closed","template":"elementor_header_footer","meta":{"footnotes":""},"class_list":["post-11958","page","type-page","status-publish","has-post-thumbnail","hentry"],"yoast_head":"<!-- This site is optimized with the Yoast SEO plugin v27.3 - https:\/\/yoast.com\/product\/yoast-seo-wordpress\/ -->\n<title>Pol\u00edtica de Privacidad | Andaluc\u00eda Ebikes Tours &amp; Rentals<\/title>\n<meta name=\"description\" content=\"Discover guided eBike tours and rentals in Nerja, Maro, and Andalusia. Small groups, expert local guides, unique routes. Book your adventure today!\" \/>\n<meta name=\"robots\" content=\"index, nofollow, max-snippet:-1, max-image-preview:large, max-video-preview:-1\" \/>\n<link rel=\"canonical\" href=\"https:\/\/andaluciaebikes.es\/es\/politica-de-privacidad\/\" \/>\n<meta property=\"og:locale\" content=\"es_ES\" \/>\n<meta property=\"og:type\" content=\"article\" \/>\n<meta property=\"og:title\" content=\"Pol\u00edtica de Privacidad | Andaluc\u00eda Ebikes Tours &amp; Rentals\" \/>\n<meta property=\"og:description\" content=\"Discover guided eBike tours and rentals in Nerja, Maro, and Andalusia. Small groups, expert local guides, unique routes. Book your adventure today!\" \/>\n<meta property=\"og:url\" content=\"https:\/\/andaluciaebikes.es\/es\/politica-de-privacidad\/\" \/>\n<meta property=\"og:site_name\" content=\"Andalucia E-bikes\" \/>\n<meta property=\"article:publisher\" content=\"https:\/\/www.facebook.com\/andalucia.ebikes\" \/>\n<meta property=\"article:modified_time\" content=\"2025-08-07T14:32:24+00:00\" \/>\n<meta property=\"og:image\" content=\"https:\/\/andaluciaebikes.es\/wp-content\/uploads\/2022\/04\/ChatGPT-Image-28-sept-2025-23_03_33.jpg\" \/>\n\t<meta property=\"og:image:width\" content=\"1536\" \/>\n\t<meta property=\"og:image:height\" content=\"1024\" \/>\n\t<meta property=\"og:image:type\" content=\"image\/jpeg\" \/>\n<script type=\"application\/ld+json\" class=\"yoast-schema-graph\">{\"@context\":\"https:\\\/\\\/schema.org\",\"@graph\":[{\"@type\":\"WebPage\",\"@id\":\"https:\\\/\\\/andaluciaebikes.es\\\/es\\\/politica-de-privacidad\\\/\",\"url\":\"https:\\\/\\\/andaluciaebikes.es\\\/es\\\/politica-de-privacidad\\\/\",\"name\":\"Pol\u00edtica de Privacidad | Andaluc\u00eda Ebikes Tours & Rentals\",\"isPartOf\":{\"@id\":\"https:\\\/\\\/andaluciaebikes.es\\\/en\\\/#website\"},\"datePublished\":\"2024-11-12T19:51:32+00:00\",\"dateModified\":\"2025-08-07T14:32:24+00:00\",\"description\":\"Discover guided eBike tours and rentals in Nerja, Maro, and Andalusia. Small groups, expert local guides, unique routes. Book your adventure today!\",\"breadcrumb\":{\"@id\":\"https:\\\/\\\/andaluciaebikes.es\\\/es\\\/politica-de-privacidad\\\/#breadcrumb\"},\"inLanguage\":\"es\",\"potentialAction\":[{\"@type\":\"ReadAction\",\"target\":[\"https:\\\/\\\/andaluciaebikes.es\\\/es\\\/politica-de-privacidad\\\/\"]}]},{\"@type\":\"BreadcrumbList\",\"@id\":\"https:\\\/\\\/andaluciaebikes.es\\\/es\\\/politica-de-privacidad\\\/#breadcrumb\",\"itemListElement\":[{\"@type\":\"ListItem\",\"position\":1,\"name\":\"Home\",\"item\":\"https:\\\/\\\/andaluciaebikes.es\\\/es\\\/\"},{\"@type\":\"ListItem\",\"position\":2,\"name\":\"Pol\u00edtica de Privacidad\"}]},{\"@type\":\"WebSite\",\"@id\":\"https:\\\/\\\/andaluciaebikes.es\\\/en\\\/#website\",\"url\":\"https:\\\/\\\/andaluciaebikes.es\\\/en\\\/\",\"name\":\"Andalucia Ebikes DMC & Tours\",\"description\":\"E-bike tours and unique travel experiences in Andalusia, Spain &amp; Portugal\",\"publisher\":{\"@id\":\"https:\\\/\\\/andaluciaebikes.es\\\/en\\\/#organization\"},\"alternateName\":\"Andaluc\u00eda Ebikes\",\"potentialAction\":[{\"@type\":\"SearchAction\",\"target\":{\"@type\":\"EntryPoint\",\"urlTemplate\":\"https:\\\/\\\/andaluciaebikes.es\\\/en\\\/?s={search_term_string}\"},\"query-input\":{\"@type\":\"PropertyValueSpecification\",\"valueRequired\":true,\"valueName\":\"search_term_string\"}}],\"inLanguage\":\"es\"},{\"@type\":\"Organization\",\"@id\":\"https:\\\/\\\/andaluciaebikes.es\\\/en\\\/#organization\",\"name\":\"Andalucia Ebikes DMC & Tours\",\"alternateName\":\"Andalucia ebikes\",\"url\":\"https:\\\/\\\/andaluciaebikes.es\\\/en\\\/\",\"logo\":{\"@type\":\"ImageObject\",\"inLanguage\":\"es\",\"@id\":\"https:\\\/\\\/andaluciaebikes.es\\\/en\\\/#\\\/schema\\\/logo\\\/image\\\/\",\"url\":\"https:\\\/\\\/andaluciaebikes.es\\\/wp-content\\\/uploads\\\/2024\\\/08\\\/logo-de-andalucia-ebikes.png\",\"contentUrl\":\"https:\\\/\\\/andaluciaebikes.es\\\/wp-content\\\/uploads\\\/2024\\\/08\\\/logo-de-andalucia-ebikes.png\",\"width\":250,\"height\":250,\"caption\":\"Andalucia Ebikes DMC & Tours\"},\"image\":{\"@id\":\"https:\\\/\\\/andaluciaebikes.es\\\/en\\\/#\\\/schema\\\/logo\\\/image\\\/\"},\"sameAs\":[\"https:\\\/\\\/www.facebook.com\\\/andalucia.ebikes\",\"https:\\\/\\\/www.instagram.com\\\/andaluciaebikes.es\\\/\",\"https:\\\/\\\/www.linkedin.com\\\/company\\\/andalucia-ebikes\\\/\",\"https:\\\/\\\/www.tiktok.com\\\/@andalucia.ebikes\"]}]}<\/script>\n<!-- \/ Yoast SEO plugin. -->","yoast_head_json":{"title":"Pol\u00edtica de Privacidad | Andaluc\u00eda Ebikes Tours & Rentals","description":"Discover guided eBike tours and rentals in Nerja, Maro, and Andalusia. Small groups, expert local guides, unique routes. Book your adventure today!","robots":{"index":"index","follow":"nofollow","max-snippet":"max-snippet:-1","max-image-preview":"max-image-preview:large","max-video-preview":"max-video-preview:-1"},"canonical":"https:\/\/andaluciaebikes.es\/es\/politica-de-privacidad\/","og_locale":"es_ES","og_type":"article","og_title":"Pol\u00edtica de Privacidad | Andaluc\u00eda Ebikes Tours & Rentals","og_description":"Discover guided eBike tours and rentals in Nerja, Maro, and Andalusia. Small groups, expert local guides, unique routes. Book your adventure today!","og_url":"https:\/\/andaluciaebikes.es\/es\/politica-de-privacidad\/","og_site_name":"Andalucia E-bikes","article_publisher":"https:\/\/www.facebook.com\/andalucia.ebikes","article_modified_time":"2025-08-07T14:32:24+00:00","og_image":[{"width":1536,"height":1024,"url":"https:\/\/andaluciaebikes.es\/wp-content\/uploads\/2022\/04\/ChatGPT-Image-28-sept-2025-23_03_33.jpg","type":"image\/jpeg"}],"schema":{"@context":"https:\/\/schema.org","@graph":[{"@type":"WebPage","@id":"https:\/\/andaluciaebikes.es\/es\/politica-de-privacidad\/","url":"https:\/\/andaluciaebikes.es\/es\/politica-de-privacidad\/","name":"Pol\u00edtica de Privacidad | Andaluc\u00eda Ebikes Tours & Rentals","isPartOf":{"@id":"https:\/\/andaluciaebikes.es\/en\/#website"},"datePublished":"2024-11-12T19:51:32+00:00","dateModified":"2025-08-07T14:32:24+00:00","description":"Discover guided eBike tours and rentals in Nerja, Maro, and Andalusia. Small groups, expert local guides, unique routes. Book your adventure today!","breadcrumb":{"@id":"https:\/\/andaluciaebikes.es\/es\/politica-de-privacidad\/#breadcrumb"},"inLanguage":"es","potentialAction":[{"@type":"ReadAction","target":["https:\/\/andaluciaebikes.es\/es\/politica-de-privacidad\/"]}]},{"@type":"BreadcrumbList","@id":"https:\/\/andaluciaebikes.es\/es\/politica-de-privacidad\/#breadcrumb","itemListElement":[{"@type":"ListItem","position":1,"name":"Home","item":"https:\/\/andaluciaebikes.es\/es\/"},{"@type":"ListItem","position":2,"name":"Pol\u00edtica de Privacidad"}]},{"@type":"WebSite","@id":"https:\/\/andaluciaebikes.es\/en\/#website","url":"https:\/\/andaluciaebikes.es\/en\/","name":"Andalucia Ebikes DMC & Tours","description":"E-bike tours and unique travel experiences in Andalusia, Spain &amp; Portugal","publisher":{"@id":"https:\/\/andaluciaebikes.es\/en\/#organization"},"alternateName":"Andaluc\u00eda Ebikes","potentialAction":[{"@type":"SearchAction","target":{"@type":"EntryPoint","urlTemplate":"https:\/\/andaluciaebikes.es\/en\/?s={search_term_string}"},"query-input":{"@type":"PropertyValueSpecification","valueRequired":true,"valueName":"search_term_string"}}],"inLanguage":"es"},{"@type":"Organization","@id":"https:\/\/andaluciaebikes.es\/en\/#organization","name":"Andalucia Ebikes DMC & Tours","alternateName":"Andalucia ebikes","url":"https:\/\/andaluciaebikes.es\/en\/","logo":{"@type":"ImageObject","inLanguage":"es","@id":"https:\/\/andaluciaebikes.es\/en\/#\/schema\/logo\/image\/","url":"https:\/\/andaluciaebikes.es\/wp-content\/uploads\/2024\/08\/logo-de-andalucia-ebikes.png","contentUrl":"https:\/\/andaluciaebikes.es\/wp-content\/uploads\/2024\/08\/logo-de-andalucia-ebikes.png","width":250,"height":250,"caption":"Andalucia Ebikes DMC & Tours"},"image":{"@id":"https:\/\/andaluciaebikes.es\/en\/#\/schema\/logo\/image\/"},"sameAs":["https:\/\/www.facebook.com\/andalucia.ebikes","https:\/\/www.instagram.com\/andaluciaebikes.es\/","https:\/\/www.linkedin.com\/company\/andalucia-ebikes\/","https:\/\/www.tiktok.com\/@andalucia.ebikes"]}]}},"_links":{"self":[{"href":"https:\/\/andaluciaebikes.es\/es\/wp-json\/wp\/v2\/pages\/11958","targetHints":{"allow":["GET"]}}],"collection":[{"href":"https:\/\/andaluciaebikes.es\/es\/wp-json\/wp\/v2\/pages"}],"about":[{"href":"https:\/\/andaluciaebikes.es\/es\/wp-json\/wp\/v2\/types\/page"}],"author":[{"embeddable":true,"href":"https:\/\/andaluciaebikes.es\/es\/wp-json\/wp\/v2\/users\/1"}],"replies":[{"embeddable":true,"href":"https:\/\/andaluciaebikes.es\/es\/wp-json\/wp\/v2\/comments?post=11958"}],"version-history":[{"count":2,"href":"https:\/\/andaluciaebikes.es\/es\/wp-json\/wp\/v2\/pages\/11958\/revisions"}],"predecessor-version":[{"id":13570,"href":"https:\/\/andaluciaebikes.es\/es\/wp-json\/wp\/v2\/pages\/11958\/revisions\/13570"}],"wp:attachment":[{"href":"https:\/\/andaluciaebikes.es\/es\/wp-json\/wp\/v2\/media?parent=11958"}],"curies":[{"name":"wp","href":"https:\/\/api.w.org\/{rel}","templated":true}]}}