{"id":11458,"date":"2024-08-14T22:01:29","date_gmt":"2024-08-14T20:01:29","guid":{"rendered":"https:\/\/andaluciaebikes.es\/blog\/"},"modified":"2025-08-07T16:08:06","modified_gmt":"2025-08-07T14:08:06","slug":"blog","status":"publish","type":"page","link":"https:\/\/andaluciaebikes.es\/es\/blog\/","title":{"rendered":"Blog"},"content":{"rendered":"\t\t<div data-elementor-type=\"wp-page\" data-elementor-id=\"11458\" class=\"elementor elementor-11458 elementor-10996\" data-elementor-post-type=\"page\">\n\t\t\t\t<div class=\"elementor-element elementor-element-cb5ee70 e-flex e-con-boxed e-con e-parent\" data-id=\"cb5ee70\" data-element_type=\"container\" data-e-type=\"container\" data-settings=\"{&quot;background_background&quot;:&quot;classic&quot;}\">\n\t\t\t\t\t<div class=\"e-con-inner\">\n\t\t<div class=\"elementor-element elementor-element-0cae1a6 e-con-full e-flex e-con e-child\" data-id=\"0cae1a6\" data-element_type=\"container\" data-e-type=\"container\">\n\t\t\t\t<div class=\"elementor-element elementor-element-78cca03 elementor-widget__width-inherit elementor-widget elementor-widget-heading\" data-id=\"78cca03\" data-element_type=\"widget\" data-e-type=\"widget\" data-widget_type=\"heading.default\">\n\t\t\t\t<div class=\"elementor-widget-container\">\n\t\t\t\t\t<h1 class=\"elementor-heading-title elementor-size-default\">Blog<\/h1>\t\t\t\t<\/div>\n\t\t\t\t<\/div>\n\t\t\t\t<\/div>\n\t\t\t\t\t<\/div>\n\t\t\t\t<\/div>\n\t\t<div class=\"elementor-element elementor-element-653b54e e-flex e-con-boxed e-con e-parent\" data-id=\"653b54e\" data-element_type=\"container\" data-e-type=\"container\">\n\t\t\t\t\t<div class=\"e-con-inner\">\n\t\t\t\t<div class=\"elementor-element elementor-element-76ed94e elementor-widget elementor-widget-st_blog_list\" data-id=\"76ed94e\" data-element_type=\"widget\" data-e-type=\"widget\" data-settings=\"{&quot;item_row&quot;:&quot;4&quot;,&quot;order&quot;:&quot;ASC&quot;}\" data-widget_type=\"st_blog_list.default\">\n\t\t\t\t<div class=\"elementor-widget-container\">\n\t\t\t\t\t<div class=\"st-list-service st-sliders grid style_2\"  >\r\n            <div class=\"service-list-wrapper st-blog-list-el\">\r\n            <div class=\"row\">\r\n                <div class=\"col-12 col-sm-6 col-md-4 col-lg-3\"><div class=\"services-item grid item-elementor\" itemscope>\r\n\t<div class=\"item service-border st-border-radius\">\r\n\t\t<div class=\"featured-image\">\r\n\t\t\t<a href=\"https:\/\/andaluciaebikes.es\/es\/blog-andalucia-ebikes\/\">\r\n\t\t\t\t<img fetchpriority=\"high\" decoding=\"async\" width=\"450\" height=\"300\" src=\"https:\/\/andaluciaebikes.es\/wp-content\/uploads\/2024\/08\/blog01-450x300.webp\" class=\"img-fluid st-hover-grow wp-post-image no-lazyload no-lazyload\" alt=\"Blog de Andaluc\u00eda Ebikes: descubre Granada, Nerja y Andaluc\u00eda sobre dos ruedas\" itemprop=\"photo\" \/>\t\t\t<\/a>\r\n\t\t<\/div>\r\n\t\t<div class=\"content-item\">\r\n\t\t\t\t\t\t\t\t\t<div class=\"cate category-color\">\r\n\t\t\t\t\t\t<ul>\r\n\t\t\t\t\t\t\t<li ><a href=\"https:\/\/andaluciaebikes.es\/es\/category\/travel-es\/\" style=\"color:rgba(0,0,0,1)\"><span style=\"color:rgba(0,0,0,1)\"><\/span>TRAVEL<\/a><\/li>\t\t\t\t\t\t<\/ul>\r\n\t\t\t\t\t<\/div>\r\n\t\t\t\t\t\t\t\t<h3 class=\"title\" itemprop=\"name\">\r\n\t\t\t\t<a href=\"https:\/\/andaluciaebikes.es\/es\/blog-andalucia-ebikes\/\"\r\n\t\t\t\t\tclass=\"c-main\">Blog de Andaluc\u00eda Ebikes: descubre Granada, Nerja y Andaluc\u00eda sobre dos ruedas<\/a>\r\n\t\t\t<\/h3>\r\n\r\n\t\t\t<div class=\"excerpt-wrapper d-flex align-items-end justify-content-between\">\r\n\t\t\t\tEn Andaluc\u00eda Ebikes creemos que viajar no es solo visitar monumentos, sino vivir experiencias aut\u00e9nticas. Por eso hemos creado este blog: un espacio para inspirarte y ayudarte a planear tu estancia en Granada, Nerja y el resto de Andaluc\u00eda con rutas, actividades y consejos pr\u00e1cticos. Queremos que explores cada rinc\u00f3n de esta tierra de forma [&hellip;]\t\t\t<\/div>\r\n\t\t<\/div>\r\n\t<\/div>\r\n<\/div>\r\n\r\n<\/div><div class=\"col-12 col-sm-6 col-md-4 col-lg-3\"><div class=\"services-item grid item-elementor\" itemscope>\r\n\t<div class=\"item service-border st-border-radius\">\r\n\t\t<div class=\"featured-image\">\r\n\t\t\t<a href=\"https:\/\/andaluciaebikes.es\/es\/las-mejores-tapas-de-granada-guia-para-comer-y-disfrutar\/\">\r\n\t\t\t\t<img decoding=\"async\" width=\"450\" height=\"300\" src=\"https:\/\/andaluciaebikes.es\/wp-content\/uploads\/2024\/08\/Tapas-Tour-4-1-450x300.jpg\" class=\"img-fluid st-hover-grow wp-post-image no-lazyload no-lazyload\" alt=\"best tapas in Andalusia\" itemprop=\"photo\" \/>\t\t\t<\/a>\r\n\t\t<\/div>\r\n\t\t<div class=\"content-item\">\r\n\t\t\t\t\t\t\t\t\t<div class=\"cate category-color\">\r\n\t\t\t\t\t\t<ul>\r\n\t\t\t\t\t\t\t<li ><a href=\"https:\/\/andaluciaebikes.es\/es\/category\/travel-es\/\" style=\"color:rgba(0,0,0,1)\"><span style=\"color:rgba(0,0,0,1)\"><\/span>TRAVEL<\/a><\/li>\t\t\t\t\t\t<\/ul>\r\n\t\t\t\t\t<\/div>\r\n\t\t\t\t\t\t\t\t<h3 class=\"title\" itemprop=\"name\">\r\n\t\t\t\t<a href=\"https:\/\/andaluciaebikes.es\/es\/las-mejores-tapas-de-granada-guia-para-comer-y-disfrutar\/\"\r\n\t\t\t\t\tclass=\"c-main\">Descubrir las mejores tapas en Granada<\/a>\r\n\t\t\t<\/h3>\r\n\r\n\t\t\t<div class=\"excerpt-wrapper d-flex align-items-end justify-content-between\">\r\n\t\t\t\tLas mejores tapas de Granada: gu\u00eda para viajeros Descubrir las mejores tapas de Granada no siempre es sencillo. En este art\u00edculo te orientamos sobre d\u00f3nde ir, c\u00f3mo funciona el sistema y qu\u00e9 lugares recomendamos. Muchos viajeros llegan con la misma duda: \u00bfqu\u00e9 es una tapa? Algunos buscan los mejores bares, otros ni siquiera conocen la [&hellip;]\t\t\t<\/div>\r\n\t\t<\/div>\r\n\t<\/div>\r\n<\/div>\r\n\r\n<\/div><div class=\"col-12 col-sm-6 col-md-4 col-lg-3\"><div class=\"services-item grid item-elementor\" itemscope>\r\n\t<div class=\"item service-border st-border-radius\">\r\n\t\t<div class=\"featured-image\">\r\n\t\t\t<a href=\"https:\/\/andaluciaebikes.es\/es\/tour-bicicleta-electrica-nerja\/\">\r\n\t\t\t\t<img decoding=\"async\" width=\"450\" height=\"300\" src=\"https:\/\/andaluciaebikes.es\/wp-content\/uploads\/2024\/08\/Friends-in-Bike-Nerja-rotated-450x300.jpg\" class=\"img-fluid st-hover-grow wp-post-image no-lazyload no-lazyload\" alt=\"Tour en bicicleta el\u00e9ctrica en Nerja: descubre la Costa del Sol de forma c\u00f3moda y sostenible\" itemprop=\"photo\" \/>\t\t\t<\/a>\r\n\t\t<\/div>\r\n\t\t<div class=\"content-item\">\r\n\t\t\t\t\t\t\t\t\t<div class=\"cate category-color\">\r\n\t\t\t\t\t\t<ul>\r\n\t\t\t\t\t\t\t<li ><a href=\"https:\/\/andaluciaebikes.es\/es\/category\/travel-es\/\" style=\"color:rgba(0,0,0,1)\"><span style=\"color:rgba(0,0,0,1)\"><\/span>TRAVEL<\/a><\/li>\t\t\t\t\t\t<\/ul>\r\n\t\t\t\t\t<\/div>\r\n\t\t\t\t\t\t\t\t<h3 class=\"title\" itemprop=\"name\">\r\n\t\t\t\t<a href=\"https:\/\/andaluciaebikes.es\/es\/tour-bicicleta-electrica-nerja\/\"\r\n\t\t\t\t\tclass=\"c-main\">Tour en bicicleta el\u00e9ctrica en Nerja: descubre la Costa del Sol de forma c\u00f3moda y sostenible<\/a>\r\n\t\t\t<\/h3>\r\n\r\n\t\t\t<div class=\"excerpt-wrapper d-flex align-items-end justify-content-between\">\r\n\t\t\t\tDescubre Nerja en bicicleta el\u00e9ctrica (eBike) es una manera inteligente de conocer la Costa del Sol. Adem\u00e1s, llegas m\u00e1s lejos, subes sin esfuerzo y disfrutas de vistas \u00fanicas del Mediterr\u00e1neo desde miradores panor\u00e1micos. Por eso, pedalear en grupo resulta c\u00f3modo, seguro y divertido. \u00bfPor qu\u00e9 elegir un tour en eBike en Nerja? Primero, la asistencia [&hellip;]\t\t\t<\/div>\r\n\t\t<\/div>\r\n\t<\/div>\r\n<\/div>\r\n\r\n<\/div>            <\/div>\r\n        <\/div>\r\n    <\/div>\r\n\t\t\t\t<\/div>\n\t\t\t\t<\/div>\n\t\t\t\t\t<\/div>\n\t\t\t\t<\/div>\n\t\t\t\t<\/div>\n\t\t","protected":false},"excerpt":{"rendered":"<p>Blog TRAVEL Blog &#8211; Andalusia Guided Tours and Experiences \u2013 Travel Like a Local with Andaluc\u00eda Ebikes Welcome to the official blog of Andaluc\u00eda Ebikes, where we&hellip; TRAVEL Pionono, a typical dessert from Granada The typical Granada dessert, pionono, is one of the most&hellip; TRAVEL The Best Tapas in Andalusia \u2013 A Complete Foodie Guide [&hellip;]<\/p>\n","protected":false},"author":1,"featured_media":11337,"parent":0,"menu_order":0,"comment_status":"closed","ping_status":"closed","template":"elementor_header_footer","meta":{"footnotes":""},"class_list":["post-11458","page","type-page","status-publish","has-post-thumbnail","hentry"],"yoast_head":"<!-- This site is optimized with the Yoast SEO plugin v27.3 - https:\/\/yoast.com\/product\/yoast-seo-wordpress\/ -->\n<title>Blog | Andaluc\u00eda Ebikes Tours &amp; Rentals<\/title>\n<meta name=\"description\" content=\"Discover guided eBike tours and rentals in Nerja, Maro, and Andalusia. Small groups, expert local guides, unique routes. Book your adventure today!\" \/>\n<meta name=\"robots\" content=\"index, follow, max-snippet:-1, max-image-preview:large, max-video-preview:-1\" \/>\n<link rel=\"canonical\" href=\"https:\/\/andaluciaebikes.es\/en\/blog\/\" \/>\n<meta property=\"og:locale\" content=\"es_ES\" \/>\n<meta property=\"og:type\" content=\"article\" \/>\n<meta property=\"og:title\" content=\"Blog | Andaluc\u00eda Ebikes Tours &amp; Rentals\" \/>\n<meta property=\"og:description\" content=\"Discover guided eBike tours and rentals in Nerja, Maro, and Andalusia. Small groups, expert local guides, unique routes. Book your adventure today!\" \/>\n<meta property=\"og:url\" content=\"https:\/\/andaluciaebikes.es\/en\/blog\/\" \/>\n<meta property=\"og:site_name\" content=\"Andalucia E-bikes\" \/>\n<meta property=\"article:publisher\" content=\"https:\/\/www.facebook.com\/andalucia.ebikes\" \/>\n<meta property=\"article:modified_time\" content=\"2025-08-07T14:08:06+00:00\" \/>\n<meta property=\"og:image\" content=\"https:\/\/andaluciaebikes.es\/wp-content\/uploads\/2024\/08\/MTB01.jpg\" \/>\n\t<meta property=\"og:image:width\" content=\"1350\" \/>\n\t<meta property=\"og:image:height\" content=\"900\" \/>\n\t<meta property=\"og:image:type\" content=\"image\/png\" \/>\n<script type=\"application\/ld+json\" class=\"yoast-schema-graph\">{\"@context\":\"https:\\\/\\\/schema.org\",\"@graph\":[{\"@type\":\"WebPage\",\"@id\":\"https:\\\/\\\/andaluciaebikes.es\\\/en\\\/blog\\\/\",\"url\":\"https:\\\/\\\/andaluciaebikes.es\\\/en\\\/blog\\\/\",\"name\":\"Blog | Andaluc\u00eda Ebikes Tours & Rentals\",\"isPartOf\":{\"@id\":\"https:\\\/\\\/andaluciaebikes.es\\\/en\\\/#website\"},\"primaryImageOfPage\":{\"@id\":\"https:\\\/\\\/andaluciaebikes.es\\\/en\\\/blog\\\/#primaryimage\"},\"image\":{\"@id\":\"https:\\\/\\\/andaluciaebikes.es\\\/en\\\/blog\\\/#primaryimage\"},\"thumbnailUrl\":\"https:\\\/\\\/andaluciaebikes.es\\\/wp-content\\\/uploads\\\/2024\\\/08\\\/MTB01.jpg\",\"datePublished\":\"2024-08-14T20:01:29+00:00\",\"dateModified\":\"2025-08-07T14:08:06+00:00\",\"description\":\"Discover guided eBike tours and rentals in Nerja, Maro, and Andalusia. Small groups, expert local guides, unique routes. Book your adventure today!\",\"breadcrumb\":{\"@id\":\"https:\\\/\\\/andaluciaebikes.es\\\/en\\\/blog\\\/#breadcrumb\"},\"inLanguage\":\"es\",\"potentialAction\":[{\"@type\":\"ReadAction\",\"target\":[\"https:\\\/\\\/andaluciaebikes.es\\\/en\\\/blog\\\/\"]}]},{\"@type\":\"ImageObject\",\"inLanguage\":\"es\",\"@id\":\"https:\\\/\\\/andaluciaebikes.es\\\/en\\\/blog\\\/#primaryimage\",\"url\":\"https:\\\/\\\/andaluciaebikes.es\\\/wp-content\\\/uploads\\\/2024\\\/08\\\/MTB01.jpg\",\"contentUrl\":\"https:\\\/\\\/andaluciaebikes.es\\\/wp-content\\\/uploads\\\/2024\\\/08\\\/MTB01.jpg\",\"width\":1350,\"height\":900},{\"@type\":\"BreadcrumbList\",\"@id\":\"https:\\\/\\\/andaluciaebikes.es\\\/en\\\/blog\\\/#breadcrumb\",\"itemListElement\":[{\"@type\":\"ListItem\",\"position\":1,\"name\":\"Home\",\"item\":\"https:\\\/\\\/andaluciaebikes.es\\\/es\\\/\"},{\"@type\":\"ListItem\",\"position\":2,\"name\":\"Blog\"}]},{\"@type\":\"WebSite\",\"@id\":\"https:\\\/\\\/andaluciaebikes.es\\\/en\\\/#website\",\"url\":\"https:\\\/\\\/andaluciaebikes.es\\\/en\\\/\",\"name\":\"Andalucia Ebikes DMC & Tours\",\"description\":\"E-bike tours and unique travel experiences in Andalusia, Spain &amp; Portugal\",\"publisher\":{\"@id\":\"https:\\\/\\\/andaluciaebikes.es\\\/en\\\/#organization\"},\"alternateName\":\"Andaluc\u00eda Ebikes\",\"potentialAction\":[{\"@type\":\"SearchAction\",\"target\":{\"@type\":\"EntryPoint\",\"urlTemplate\":\"https:\\\/\\\/andaluciaebikes.es\\\/en\\\/?s={search_term_string}\"},\"query-input\":{\"@type\":\"PropertyValueSpecification\",\"valueRequired\":true,\"valueName\":\"search_term_string\"}}],\"inLanguage\":\"es\"},{\"@type\":\"Organization\",\"@id\":\"https:\\\/\\\/andaluciaebikes.es\\\/en\\\/#organization\",\"name\":\"Andalucia Ebikes DMC & Tours\",\"alternateName\":\"Andalucia ebikes\",\"url\":\"https:\\\/\\\/andaluciaebikes.es\\\/en\\\/\",\"logo\":{\"@type\":\"ImageObject\",\"inLanguage\":\"es\",\"@id\":\"https:\\\/\\\/andaluciaebikes.es\\\/en\\\/#\\\/schema\\\/logo\\\/image\\\/\",\"url\":\"https:\\\/\\\/andaluciaebikes.es\\\/wp-content\\\/uploads\\\/2024\\\/08\\\/logo-de-andalucia-ebikes.png\",\"contentUrl\":\"https:\\\/\\\/andaluciaebikes.es\\\/wp-content\\\/uploads\\\/2024\\\/08\\\/logo-de-andalucia-ebikes.png\",\"width\":250,\"height\":250,\"caption\":\"Andalucia Ebikes DMC & Tours\"},\"image\":{\"@id\":\"https:\\\/\\\/andaluciaebikes.es\\\/en\\\/#\\\/schema\\\/logo\\\/image\\\/\"},\"sameAs\":[\"https:\\\/\\\/www.facebook.com\\\/andalucia.ebikes\",\"https:\\\/\\\/www.instagram.com\\\/andaluciaebikes.es\\\/\",\"https:\\\/\\\/www.linkedin.com\\\/company\\\/andalucia-ebikes\\\/\",\"https:\\\/\\\/www.tiktok.com\\\/@andalucia.ebikes\"]}]}<\/script>\n<!-- \/ Yoast SEO plugin. -->","yoast_head_json":{"title":"Blog | Andaluc\u00eda Ebikes Tours & Rentals","description":"Discover guided eBike tours and rentals in Nerja, Maro, and Andalusia. Small groups, expert local guides, unique routes. Book your adventure today!","robots":{"index":"index","follow":"follow","max-snippet":"max-snippet:-1","max-image-preview":"max-image-preview:large","max-video-preview":"max-video-preview:-1"},"canonical":"https:\/\/andaluciaebikes.es\/en\/blog\/","og_locale":"es_ES","og_type":"article","og_title":"Blog | Andaluc\u00eda Ebikes Tours & Rentals","og_description":"Discover guided eBike tours and rentals in Nerja, Maro, and Andalusia. Small groups, expert local guides, unique routes. Book your adventure today!","og_url":"https:\/\/andaluciaebikes.es\/en\/blog\/","og_site_name":"Andalucia E-bikes","article_publisher":"https:\/\/www.facebook.com\/andalucia.ebikes","article_modified_time":"2025-08-07T14:08:06+00:00","og_image":[{"width":1350,"height":900,"url":"https:\/\/andaluciaebikes.es\/wp-content\/uploads\/2024\/08\/MTB01.jpg","type":"image\/png"}],"schema":{"@context":"https:\/\/schema.org","@graph":[{"@type":"WebPage","@id":"https:\/\/andaluciaebikes.es\/en\/blog\/","url":"https:\/\/andaluciaebikes.es\/en\/blog\/","name":"Blog | Andaluc\u00eda Ebikes Tours & Rentals","isPartOf":{"@id":"https:\/\/andaluciaebikes.es\/en\/#website"},"primaryImageOfPage":{"@id":"https:\/\/andaluciaebikes.es\/en\/blog\/#primaryimage"},"image":{"@id":"https:\/\/andaluciaebikes.es\/en\/blog\/#primaryimage"},"thumbnailUrl":"https:\/\/andaluciaebikes.es\/wp-content\/uploads\/2024\/08\/MTB01.jpg","datePublished":"2024-08-14T20:01:29+00:00","dateModified":"2025-08-07T14:08:06+00:00","description":"Discover guided eBike tours and rentals in Nerja, Maro, and Andalusia. Small groups, expert local guides, unique routes. Book your adventure today!","breadcrumb":{"@id":"https:\/\/andaluciaebikes.es\/en\/blog\/#breadcrumb"},"inLanguage":"es","potentialAction":[{"@type":"ReadAction","target":["https:\/\/andaluciaebikes.es\/en\/blog\/"]}]},{"@type":"ImageObject","inLanguage":"es","@id":"https:\/\/andaluciaebikes.es\/en\/blog\/#primaryimage","url":"https:\/\/andaluciaebikes.es\/wp-content\/uploads\/2024\/08\/MTB01.jpg","contentUrl":"https:\/\/andaluciaebikes.es\/wp-content\/uploads\/2024\/08\/MTB01.jpg","width":1350,"height":900},{"@type":"BreadcrumbList","@id":"https:\/\/andaluciaebikes.es\/en\/blog\/#breadcrumb","itemListElement":[{"@type":"ListItem","position":1,"name":"Home","item":"https:\/\/andaluciaebikes.es\/es\/"},{"@type":"ListItem","position":2,"name":"Blog"}]},{"@type":"WebSite","@id":"https:\/\/andaluciaebikes.es\/en\/#website","url":"https:\/\/andaluciaebikes.es\/en\/","name":"Andalucia Ebikes DMC & Tours","description":"E-bike tours and unique travel experiences in Andalusia, Spain &amp; Portugal","publisher":{"@id":"https:\/\/andaluciaebikes.es\/en\/#organization"},"alternateName":"Andaluc\u00eda Ebikes","potentialAction":[{"@type":"SearchAction","target":{"@type":"EntryPoint","urlTemplate":"https:\/\/andaluciaebikes.es\/en\/?s={search_term_string}"},"query-input":{"@type":"PropertyValueSpecification","valueRequired":true,"valueName":"search_term_string"}}],"inLanguage":"es"},{"@type":"Organization","@id":"https:\/\/andaluciaebikes.es\/en\/#organization","name":"Andalucia Ebikes DMC & Tours","alternateName":"Andalucia ebikes","url":"https:\/\/andaluciaebikes.es\/en\/","logo":{"@type":"ImageObject","inLanguage":"es","@id":"https:\/\/andaluciaebikes.es\/en\/#\/schema\/logo\/image\/","url":"https:\/\/andaluciaebikes.es\/wp-content\/uploads\/2024\/08\/logo-de-andalucia-ebikes.png","contentUrl":"https:\/\/andaluciaebikes.es\/wp-content\/uploads\/2024\/08\/logo-de-andalucia-ebikes.png","width":250,"height":250,"caption":"Andalucia Ebikes DMC & Tours"},"image":{"@id":"https:\/\/andaluciaebikes.es\/en\/#\/schema\/logo\/image\/"},"sameAs":["https:\/\/www.facebook.com\/andalucia.ebikes","https:\/\/www.instagram.com\/andaluciaebikes.es\/","https:\/\/www.linkedin.com\/company\/andalucia-ebikes\/","https:\/\/www.tiktok.com\/@andalucia.ebikes"]}]}},"_links":{"self":[{"href":"https:\/\/andaluciaebikes.es\/es\/wp-json\/wp\/v2\/pages\/11458","targetHints":{"allow":["GET"]}}],"collection":[{"href":"https:\/\/andaluciaebikes.es\/es\/wp-json\/wp\/v2\/pages"}],"about":[{"href":"https:\/\/andaluciaebikes.es\/es\/wp-json\/wp\/v2\/types\/page"}],"author":[{"embeddable":true,"href":"https:\/\/andaluciaebikes.es\/es\/wp-json\/wp\/v2\/users\/1"}],"replies":[{"embeddable":true,"href":"https:\/\/andaluciaebikes.es\/es\/wp-json\/wp\/v2\/comments?post=11458"}],"version-history":[{"count":6,"href":"https:\/\/andaluciaebikes.es\/es\/wp-json\/wp\/v2\/pages\/11458\/revisions"}],"predecessor-version":[{"id":14016,"href":"https:\/\/andaluciaebikes.es\/es\/wp-json\/wp\/v2\/pages\/11458\/revisions\/14016"}],"wp:featuredmedia":[{"embeddable":true,"href":"https:\/\/andaluciaebikes.es\/es\/wp-json\/wp\/v2\/media\/11337"}],"wp:attachment":[{"href":"https:\/\/andaluciaebikes.es\/es\/wp-json\/wp\/v2\/media?parent=11458"}],"curies":[{"name":"wp","href":"https:\/\/api.w.org\/{rel}","templated":true}]}}