{"id":11450,"date":"2024-08-12T18:14:13","date_gmt":"2024-08-12T16:14:13","guid":{"rendered":"https:\/\/andaluciaebikes.es\/creacion-de-equipos\/"},"modified":"2026-02-03T05:55:37","modified_gmt":"2026-02-03T03:55:37","slug":"team-building","status":"publish","type":"page","link":"https:\/\/andaluciaebikes.es\/es\/team-building\/","title":{"rendered":"Team Building"},"content":{"rendered":"\t\t<div data-elementor-type=\"wp-page\" data-elementor-id=\"11450\" class=\"elementor elementor-11450 elementor-10894\" data-elementor-post-type=\"page\">\n\t\t\t\t<div class=\"elementor-element elementor-element-4a935ed e-flex e-con-boxed e-con e-parent\" data-id=\"4a935ed\" data-element_type=\"container\" data-e-type=\"container\">\n\t\t\t\t\t<div class=\"e-con-inner\">\n\t\t\t\t<div class=\"elementor-element elementor-element-d5519dc elementor-widget elementor-widget-heading\" data-id=\"d5519dc\" data-element_type=\"widget\" data-e-type=\"widget\" data-widget_type=\"heading.default\">\n\t\t\t\t<div class=\"elementor-widget-container\">\n\t\t\t\t\t<h2 class=\"elementor-heading-title elementor-size-default\">Team Building en Espa\u00f1a: La Clave para Mejorar el Rendimiento de tu Equipo<\/h2>\t\t\t\t<\/div>\n\t\t\t\t<\/div>\n\t\t\t\t<div class=\"elementor-element elementor-element-1c2d90f elementor-widget elementor-widget-text-editor\" data-id=\"1c2d90f\" data-element_type=\"widget\" data-e-type=\"widget\" data-widget_type=\"text-editor.default\">\n\t\t\t\t<div class=\"elementor-widget-container\">\n\t\t\t\t\t\t\t\t\t<p>En un entorno laboral cada vez m\u00e1s competitivo, el <strong>Team Building<\/strong> se ha convertido en una herramienta esencial para mejorar la cohesi\u00f3n de los equipos y maximizar su rendimiento. En <strong>Espa\u00f1a <\/strong>y <strong>Andaluc\u00eda<\/strong>, contamos con una amplia variedad de actividades que no solo son divertidas, sino que tambi\u00e9n est\u00e1n dise\u00f1adas para fortalecer la colaboraci\u00f3n, la comunicaci\u00f3n y el liderazgo en el entorno empresarial. <\/p>\t\t\t\t\t\t\t\t<\/div>\n\t\t\t\t<\/div>\n\t\t\t\t\t<\/div>\n\t\t\t\t<\/div>\n\t\t<div class=\"elementor-element elementor-element-20a5fba e-flex e-con-boxed e-con e-parent\" data-id=\"20a5fba\" data-element_type=\"container\" data-e-type=\"container\">\n\t\t\t\t\t<div class=\"e-con-inner\">\n\t\t<div class=\"elementor-element elementor-element-8fc46cb e-con-full e-flex e-con e-child\" data-id=\"8fc46cb\" data-element_type=\"container\" data-e-type=\"container\">\n\t\t\t\t<div class=\"elementor-element elementor-element-ff50dc2 elementor-widget elementor-widget-heading\" data-id=\"ff50dc2\" data-element_type=\"widget\" data-e-type=\"widget\" data-widget_type=\"heading.default\">\n\t\t\t\t<div class=\"elementor-widget-container\">\n\t\t\t\t\t<h3 class=\"elementor-heading-title elementor-size-default\">\u00bfPor qu\u00e9 un Team Building es Vital para las Empresas?\n<\/h3>\t\t\t\t<\/div>\n\t\t\t\t<\/div>\n\t\t\t\t<div class=\"elementor-element elementor-element-6c429f5 elementor-widget elementor-widget-heading\" data-id=\"6c429f5\" data-element_type=\"widget\" data-e-type=\"widget\" data-widget_type=\"heading.default\">\n\t\t\t\t<div class=\"elementor-widget-container\">\n\t\t\t\t\t<h4 class=\"elementor-heading-title elementor-size-default\">Mejora la Comunicaci\u00f3n y Colaboraci\u00f3n<\/h4>\t\t\t\t<\/div>\n\t\t\t\t<\/div>\n\t\t\t\t<div class=\"elementor-element elementor-element-d01fb44 elementor-widget elementor-widget-text-editor\" data-id=\"d01fb44\" data-element_type=\"widget\" data-e-type=\"widget\" data-widget_type=\"text-editor.default\">\n\t\t\t\t<div class=\"elementor-widget-container\">\n\t\t\t\t\t\t\t\t\t<p><strong>Team Building <\/strong>no es solo una oportunidad para que los empleados se relajen fuera del entorno laboral, sino una manera estrat\u00e9gica de mejorar la <strong>comunicaci\u00f3n interna<\/strong> y la <strong>colaboraci\u00f3n <\/strong>entre los miembros del equipo. A trav\u00e9s de nuestras din\u00e1micas, los empleados aprenden a resolver problemas juntos, a desarrollar habilidades de liderazgo y a construir relaciones m\u00e1s s\u00f3lidas que impactar\u00e1n directamente en su rendimiento. <\/p>\t\t\t\t\t\t\t\t<\/div>\n\t\t\t\t<\/div>\n\t\t\t\t<\/div>\n\t\t<div class=\"elementor-element elementor-element-fea09ea e-con-full e-flex e-con e-child\" data-id=\"fea09ea\" data-element_type=\"container\" data-e-type=\"container\">\n\t\t\t\t<div class=\"elementor-element elementor-element-4308a89 elementor-widget elementor-widget-image\" data-id=\"4308a89\" data-element_type=\"widget\" data-e-type=\"widget\" data-widget_type=\"image.default\">\n\t\t\t\t<div class=\"elementor-widget-container\">\n\t\t\t\t\t\t\t\t\t\t\t\t\t\t\t<img fetchpriority=\"high\" decoding=\"async\" width=\"900\" height=\"675\" src=\"https:\/\/andaluciaebikes.es\/wp-content\/uploads\/2024\/08\/TeamBuilding01.jpg\" class=\"attachment-full size-full wp-image-11329 no-lazyload\" alt=\"\" \/>\t\t\t\t\t\t\t\t\t\t\t\t\t\t\t<\/div>\n\t\t\t\t<\/div>\n\t\t\t\t<\/div>\n\t\t\t\t\t<\/div>\n\t\t\t\t<\/div>\n\t\t<div class=\"elementor-element elementor-element-e55483d e-flex e-con-boxed e-con e-parent\" data-id=\"e55483d\" data-element_type=\"container\" data-e-type=\"container\">\n\t\t\t\t\t<div class=\"e-con-inner\">\n\t\t\t\t<div class=\"elementor-element elementor-element-61beafc elementor-widget elementor-widget-heading\" data-id=\"61beafc\" data-element_type=\"widget\" data-e-type=\"widget\" data-widget_type=\"heading.default\">\n\t\t\t\t<div class=\"elementor-widget-container\">\n\t\t\t\t\t<h4 class=\"elementor-heading-title elementor-size-default\">Fomenta el Liderazgo y la Toma de Decisiones<\/h4>\t\t\t\t<\/div>\n\t\t\t\t<\/div>\n\t\t\t\t<div class=\"elementor-element elementor-element-034aaf5 elementor-widget elementor-widget-text-editor\" data-id=\"034aaf5\" data-element_type=\"widget\" data-e-type=\"widget\" data-widget_type=\"text-editor.default\">\n\t\t\t\t<div class=\"elementor-widget-container\">\n\t\t\t\t\t\t\t\t\t<p>Una de las mayores ventajas de nuestras actividades de <strong>Team Building en Andaluc\u00eda<\/strong> es que ayudan a identificar l\u00edderes naturales dentro de tu equipo. Durante nuestras actividades, dise\u00f1adas espec\u00edficamente para fomentar la <strong>toma de decisiones bajo presi\u00f3n<\/strong>, se crean escenarios donde los empleados deben gestionar recursos, trabajar en equipo y tomar decisiones r\u00e1pidas. Esta experiencia refuerza las capacidades de liderazgo y ayuda a descubrir talentos ocultos.  <\/p>\t\t\t\t\t\t\t\t<\/div>\n\t\t\t\t<\/div>\n\t\t\t\t\t<\/div>\n\t\t\t\t<\/div>\n\t\t<div class=\"elementor-element elementor-element-51c0fde e-flex e-con-boxed e-con e-parent\" data-id=\"51c0fde\" data-element_type=\"container\" data-e-type=\"container\">\n\t\t\t\t\t<div class=\"e-con-inner\">\n\t\t\t\t<div class=\"elementor-element elementor-element-208d603 elementor-widget elementor-widget-heading\" data-id=\"208d603\" data-element_type=\"widget\" data-e-type=\"widget\" data-widget_type=\"heading.default\">\n\t\t\t\t<div class=\"elementor-widget-container\">\n\t\t\t\t\t<h3 class=\"elementor-heading-title elementor-size-default\">Actividades de Team Building en Andaluc\u00eda para Empresas de Todos los Tama\u00f1os<\/h3>\t\t\t\t<\/div>\n\t\t\t\t<\/div>\n\t\t<div class=\"elementor-element elementor-element-413a0e8 e-con-full e-flex e-con e-child\" data-id=\"413a0e8\" data-element_type=\"container\" data-e-type=\"container\">\n\t\t\t\t<div class=\"elementor-element elementor-element-292c0f8 elementor-widget elementor-widget-heading\" data-id=\"292c0f8\" data-element_type=\"widget\" data-e-type=\"widget\" data-widget_type=\"heading.default\">\n\t\t\t\t<div class=\"elementor-widget-container\">\n\t\t\t\t\t<h4 class=\"elementor-heading-title elementor-size-default\">Experiencias al Aire Libre en Andaluc\u00eda<\/h4>\t\t\t\t<\/div>\n\t\t\t\t<\/div>\n\t\t\t\t<div class=\"elementor-element elementor-element-f476a47 elementor-widget elementor-widget-text-editor\" data-id=\"f476a47\" data-element_type=\"widget\" data-e-type=\"widget\" data-widget_type=\"text-editor.default\">\n\t\t\t\t<div class=\"elementor-widget-container\">\n\t\t\t\t\t\t\t\t\t<p>Nuestro enfoque en <strong>Team Building en Andaluc\u00eda<\/strong> se centra en el entorno \u00fanico que esta regi\u00f3n ofrece. Desde actividades de aventura como <strong>rutas en bicicleta<\/strong> y <strong>caminatas <\/strong>hasta <strong>desaf\u00edos de orientaci\u00f3n y juegos al aire libre<\/strong>, nuestras actividades aprovechan al m\u00e1ximo el paisaje andaluz. Estas experiencias no solo son divertidas, sino que crean un espacio donde los empleados deben confiar unos en otros y desarrollar estrategias en conjunto.  <\/p>\t\t\t\t\t\t\t\t<\/div>\n\t\t\t\t<\/div>\n\t\t<div class=\"elementor-element elementor-element-470c17e e-con-full e-flex e-con e-child\" data-id=\"470c17e\" data-element_type=\"container\" data-e-type=\"container\">\n\t\t\t\t<div class=\"elementor-element elementor-element-06055fa elementor-widget elementor-widget-heading\" data-id=\"06055fa\" data-element_type=\"widget\" data-e-type=\"widget\" data-widget_type=\"heading.default\">\n\t\t\t\t<div class=\"elementor-widget-container\">\n\t\t\t\t\t<h4 class=\"elementor-heading-title elementor-size-default\">Retos de Innovaci\u00f3n y Creatividad\n<\/h4>\t\t\t\t<\/div>\n\t\t\t\t<\/div>\n\t\t\t\t<div class=\"elementor-element elementor-element-45e74d0 elementor-widget elementor-widget-text-editor\" data-id=\"45e74d0\" data-element_type=\"widget\" data-e-type=\"widget\" data-widget_type=\"text-editor.default\">\n\t\t\t\t<div class=\"elementor-widget-container\">\n\t\t\t\t\t\t\t\t\t<p>Adem\u00e1s de las actividades f\u00edsicas, ofrecemos <strong>retos de innovaci\u00f3n<\/strong> que ponen a prueba la creatividad y la capacidad de resoluci\u00f3n de problemas de los empleados. En estos talleres, los equipos deben crear soluciones innovadoras a situaciones complejas, fortaleciendo el pensamiento estrat\u00e9gico y la colaboraci\u00f3n en equipo. <\/p>\t\t\t\t\t\t\t\t<\/div>\n\t\t\t\t<\/div>\n\t\t\t\t<\/div>\n\t\t\t\t<\/div>\n\t\t\t\t\t<\/div>\n\t\t\t\t<\/div>\n\t\t<div class=\"elementor-element elementor-element-9893cda e-flex e-con-boxed e-con e-parent\" data-id=\"9893cda\" data-element_type=\"container\" data-e-type=\"container\">\n\t\t\t\t\t<div class=\"e-con-inner\">\n\t\t\t\t<div class=\"elementor-element elementor-element-27f9c2a elementor-widget elementor-widget-heading\" data-id=\"27f9c2a\" data-element_type=\"widget\" data-e-type=\"widget\" data-widget_type=\"heading.default\">\n\t\t\t\t<div class=\"elementor-widget-container\">\n\t\t\t\t\t<h3 class=\"elementor-heading-title elementor-size-default\"> Ventajas de Hacer Team Building con Nosotros<\/h3>\t\t\t\t<\/div>\n\t\t\t\t<\/div>\n\t\t<div class=\"elementor-element elementor-element-582ab61 e-con-full e-flex e-con e-child\" data-id=\"582ab61\" data-element_type=\"container\" data-e-type=\"container\">\n\t\t\t\t<div class=\"elementor-element elementor-element-ebf2226 elementor-widget elementor-widget-heading\" data-id=\"ebf2226\" data-element_type=\"widget\" data-e-type=\"widget\" data-widget_type=\"heading.default\">\n\t\t\t\t<div class=\"elementor-widget-container\">\n\t\t\t\t\t<h4 class=\"elementor-heading-title elementor-size-default\">Programas Personalizados para Cada Empresa<\/h4>\t\t\t\t<\/div>\n\t\t\t\t<\/div>\n\t\t\t\t<div class=\"elementor-element elementor-element-c05b072 elementor-widget elementor-widget-text-editor\" data-id=\"c05b072\" data-element_type=\"widget\" data-e-type=\"widget\" data-widget_type=\"text-editor.default\">\n\t\t\t\t<div class=\"elementor-widget-container\">\n\t\t\t\t\t\t\t\t\t<p>Entendemos que cada empresa tiene sus propias necesidades y objetivos. Por eso, nuestros <strong>programas de Team Building en Espa\u00f1a<\/strong> est\u00e1n totalmente personalizados. Trabajamos contigo para desarrollar un plan que se ajuste a la cultura de tu empresa, asegur\u00e1ndonos de que cada actividad tenga un impacto duradero.  <\/p>\t\t\t\t\t\t\t\t<\/div>\n\t\t\t\t<\/div>\n\t\t\t\t<\/div>\n\t\t<div class=\"elementor-element elementor-element-ab95bac e-con-full e-flex e-con e-child\" data-id=\"ab95bac\" data-element_type=\"container\" data-e-type=\"container\">\n\t\t\t\t<div class=\"elementor-element elementor-element-4de829a elementor-widget elementor-widget-heading\" data-id=\"4de829a\" data-element_type=\"widget\" data-e-type=\"widget\" data-widget_type=\"heading.default\">\n\t\t\t\t<div class=\"elementor-widget-container\">\n\t\t\t\t\t<h4 class=\"elementor-heading-title elementor-size-default\">Expertos en Gesti\u00f3n de Equipos y Eventos\n<\/h4>\t\t\t\t<\/div>\n\t\t\t\t<\/div>\n\t\t\t\t<div class=\"elementor-element elementor-element-1f9f4ab elementor-widget elementor-widget-text-editor\" data-id=\"1f9f4ab\" data-element_type=\"widget\" data-e-type=\"widget\" data-widget_type=\"text-editor.default\">\n\t\t\t\t<div class=\"elementor-widget-container\">\n\t\t\t\t\t\t\t\t\t<p>Con un equipo altamente capacitado en la <strong>gesti\u00f3n de equipos<\/strong> y la organizaci\u00f3n de eventos corporativos, garantizamos que tu actividad de Team Building no solo sea exitosa, sino que tambi\u00e9n cumpla con tus expectativas. Desde la log\u00edstica hasta la ejecuci\u00f3n, nos encargamos de todo, para que t\u00fa puedas enfocarte en lo que realmente importa: tu equipo. <\/p>\t\t\t\t\t\t\t\t<\/div>\n\t\t\t\t<\/div>\n\t\t\t\t<\/div>\n\t\t\t\t\t<\/div>\n\t\t\t\t<\/div>\n\t\t<div class=\"elementor-element elementor-element-66faa9c e-flex e-con-boxed e-con e-parent\" data-id=\"66faa9c\" data-element_type=\"container\" data-e-type=\"container\">\n\t\t\t\t\t<div class=\"e-con-inner\">\n\t\t\t\t<div class=\"elementor-element elementor-element-ebfbd2c elementor-widget elementor-widget-heading\" data-id=\"ebfbd2c\" data-element_type=\"widget\" data-e-type=\"widget\" data-widget_type=\"heading.default\">\n\t\t\t\t<div class=\"elementor-widget-container\">\n\t\t\t\t\t<h3 class=\"elementor-heading-title elementor-size-default\">Team Building en Andaluc\u00eda: Descubre la Belleza de Trabajar en Equipo<\/h3>\t\t\t\t<\/div>\n\t\t\t\t<\/div>\n\t\t\t\t<div class=\"elementor-element elementor-element-9f037f5 elementor-widget elementor-widget-text-editor\" data-id=\"9f037f5\" data-element_type=\"widget\" data-e-type=\"widget\" data-widget_type=\"text-editor.default\">\n\t\t\t\t<div class=\"elementor-widget-container\">\n\t\t\t\t\t\t\t\t\t<div><p><strong>Andaluc\u00eda <\/strong>no solo es famosa por su cultura y paisajes, sino que tambi\u00e9n es el lugar perfecto para llevar a cabo eventos de <strong>Team Building<\/strong>. Nuestras actividades al aire libre, combinadas con la rica cultura local, hacen de esta regi\u00f3n el escenario ideal para un evento que transformar\u00e1 a tu equipo. <\/p><\/div><div> <\/div>\t\t\t\t\t\t\t\t<\/div>\n\t\t\t\t<\/div>\n\t\t\t\t\t<\/div>\n\t\t\t\t<\/div>\n\t\t\t\t<\/div>\n\t\t","protected":false},"excerpt":{"rendered":"<p>Team Building en Espa\u00f1a: La Clave para Mejorar el Rendimiento de tu Equipo En un entorno laboral cada vez m\u00e1s competitivo, el Team Building se ha convertido en una herramienta esencial para mejorar la cohesi\u00f3n de los equipos y maximizar su rendimiento. En Espa\u00f1a y Andaluc\u00eda, contamos con una amplia variedad de actividades que no [&hellip;]<\/p>\n","protected":false},"author":1,"featured_media":13893,"parent":0,"menu_order":0,"comment_status":"closed","ping_status":"closed","template":"template-fullwidth.php","meta":{"footnotes":""},"class_list":["post-11450","page","type-page","status-publish","has-post-thumbnail","hentry"],"yoast_head":"<!-- This site is optimized with the Yoast SEO plugin v27.3 - https:\/\/yoast.com\/product\/yoast-seo-wordpress\/ -->\n<title>Team Building | Andaluc\u00eda Ebikes Tours &amp; Rentals<\/title>\n<meta name=\"description\" content=\"Discover guided eBike tours and rentals in Nerja, Maro, and Andalusia. Small groups, expert local guides, unique routes. Book your adventure today!\" \/>\n<meta name=\"robots\" content=\"index, follow, max-snippet:-1, max-image-preview:large, max-video-preview:-1\" \/>\n<link rel=\"canonical\" href=\"https:\/\/andaluciaebikes.es\/es\/team-building\/\" \/>\n<meta property=\"og:locale\" content=\"es_ES\" \/>\n<meta property=\"og:type\" content=\"article\" \/>\n<meta property=\"og:title\" content=\"Team Building | Andaluc\u00eda Ebikes Tours &amp; Rentals\" \/>\n<meta property=\"og:description\" content=\"Discover guided eBike tours and rentals in Nerja, Maro, and Andalusia. Small groups, expert local guides, unique routes. Book your adventure today!\" \/>\n<meta property=\"og:url\" content=\"https:\/\/andaluciaebikes.es\/es\/team-building\/\" \/>\n<meta property=\"og:site_name\" content=\"Andalucia E-bikes\" \/>\n<meta property=\"article:publisher\" content=\"https:\/\/www.facebook.com\/andalucia.ebikes\" \/>\n<meta property=\"article:modified_time\" content=\"2026-02-03T03:55:37+00:00\" \/>\n<meta property=\"og:image\" content=\"https:\/\/andaluciaebikes.es\/wp-content\/uploads\/2025\/09\/Grupo-Abadia-Incentivo-Ebike.jpg\" \/>\n\t<meta property=\"og:image:width\" content=\"1600\" \/>\n\t<meta property=\"og:image:height\" content=\"1201\" \/>\n\t<meta property=\"og:image:type\" content=\"image\/jpeg\" \/>\n<script type=\"application\/ld+json\" class=\"yoast-schema-graph\">{\"@context\":\"https:\\\/\\\/schema.org\",\"@graph\":[{\"@type\":\"WebPage\",\"@id\":\"https:\\\/\\\/andaluciaebikes.es\\\/es\\\/team-building\\\/\",\"url\":\"https:\\\/\\\/andaluciaebikes.es\\\/es\\\/team-building\\\/\",\"name\":\"Team Building | Andaluc\u00eda Ebikes Tours & Rentals\",\"isPartOf\":{\"@id\":\"https:\\\/\\\/andaluciaebikes.es\\\/en\\\/#website\"},\"primaryImageOfPage\":{\"@id\":\"https:\\\/\\\/andaluciaebikes.es\\\/es\\\/team-building\\\/#primaryimage\"},\"image\":{\"@id\":\"https:\\\/\\\/andaluciaebikes.es\\\/es\\\/team-building\\\/#primaryimage\"},\"thumbnailUrl\":\"https:\\\/\\\/andaluciaebikes.es\\\/wp-content\\\/uploads\\\/2025\\\/09\\\/Grupo-Abadia-Incentivo-Ebike.jpg\",\"datePublished\":\"2024-08-12T16:14:13+00:00\",\"dateModified\":\"2026-02-03T03:55:37+00:00\",\"description\":\"Discover guided eBike tours and rentals in Nerja, Maro, and Andalusia. Small groups, expert local guides, unique routes. Book your adventure today!\",\"breadcrumb\":{\"@id\":\"https:\\\/\\\/andaluciaebikes.es\\\/es\\\/team-building\\\/#breadcrumb\"},\"inLanguage\":\"es\",\"potentialAction\":[{\"@type\":\"ReadAction\",\"target\":[\"https:\\\/\\\/andaluciaebikes.es\\\/es\\\/team-building\\\/\"]}]},{\"@type\":\"ImageObject\",\"inLanguage\":\"es\",\"@id\":\"https:\\\/\\\/andaluciaebikes.es\\\/es\\\/team-building\\\/#primaryimage\",\"url\":\"https:\\\/\\\/andaluciaebikes.es\\\/wp-content\\\/uploads\\\/2025\\\/09\\\/Grupo-Abadia-Incentivo-Ebike.jpg\",\"contentUrl\":\"https:\\\/\\\/andaluciaebikes.es\\\/wp-content\\\/uploads\\\/2025\\\/09\\\/Grupo-Abadia-Incentivo-Ebike.jpg\",\"width\":1600,\"height\":1201,\"caption\":\"A group of cyclists enjoying the cultural stop at Sacromonte Abbey during our Andalusian eBike tour.\"},{\"@type\":\"BreadcrumbList\",\"@id\":\"https:\\\/\\\/andaluciaebikes.es\\\/es\\\/team-building\\\/#breadcrumb\",\"itemListElement\":[{\"@type\":\"ListItem\",\"position\":1,\"name\":\"Home\",\"item\":\"https:\\\/\\\/andaluciaebikes.es\\\/es\\\/\"},{\"@type\":\"ListItem\",\"position\":2,\"name\":\"Team Building\"}]},{\"@type\":\"WebSite\",\"@id\":\"https:\\\/\\\/andaluciaebikes.es\\\/en\\\/#website\",\"url\":\"https:\\\/\\\/andaluciaebikes.es\\\/en\\\/\",\"name\":\"Andalucia Ebikes DMC & Tours\",\"description\":\"E-bike tours and unique travel experiences in Andalusia, Spain &amp; Portugal\",\"publisher\":{\"@id\":\"https:\\\/\\\/andaluciaebikes.es\\\/en\\\/#organization\"},\"alternateName\":\"Andaluc\u00eda Ebikes\",\"potentialAction\":[{\"@type\":\"SearchAction\",\"target\":{\"@type\":\"EntryPoint\",\"urlTemplate\":\"https:\\\/\\\/andaluciaebikes.es\\\/en\\\/?s={search_term_string}\"},\"query-input\":{\"@type\":\"PropertyValueSpecification\",\"valueRequired\":true,\"valueName\":\"search_term_string\"}}],\"inLanguage\":\"es\"},{\"@type\":\"Organization\",\"@id\":\"https:\\\/\\\/andaluciaebikes.es\\\/en\\\/#organization\",\"name\":\"Andalucia Ebikes DMC & Tours\",\"alternateName\":\"Andalucia ebikes\",\"url\":\"https:\\\/\\\/andaluciaebikes.es\\\/en\\\/\",\"logo\":{\"@type\":\"ImageObject\",\"inLanguage\":\"es\",\"@id\":\"https:\\\/\\\/andaluciaebikes.es\\\/en\\\/#\\\/schema\\\/logo\\\/image\\\/\",\"url\":\"https:\\\/\\\/andaluciaebikes.es\\\/wp-content\\\/uploads\\\/2024\\\/08\\\/logo-de-andalucia-ebikes.png\",\"contentUrl\":\"https:\\\/\\\/andaluciaebikes.es\\\/wp-content\\\/uploads\\\/2024\\\/08\\\/logo-de-andalucia-ebikes.png\",\"width\":250,\"height\":250,\"caption\":\"Andalucia Ebikes DMC & Tours\"},\"image\":{\"@id\":\"https:\\\/\\\/andaluciaebikes.es\\\/en\\\/#\\\/schema\\\/logo\\\/image\\\/\"},\"sameAs\":[\"https:\\\/\\\/www.facebook.com\\\/andalucia.ebikes\",\"https:\\\/\\\/www.instagram.com\\\/andaluciaebikes.es\\\/\",\"https:\\\/\\\/www.linkedin.com\\\/company\\\/andalucia-ebikes\\\/\",\"https:\\\/\\\/www.tiktok.com\\\/@andalucia.ebikes\"]}]}<\/script>\n<!-- \/ Yoast SEO plugin. -->","yoast_head_json":{"title":"Team Building | Andaluc\u00eda Ebikes Tours & Rentals","description":"Discover guided eBike tours and rentals in Nerja, Maro, and Andalusia. Small groups, expert local guides, unique routes. Book your adventure today!","robots":{"index":"index","follow":"follow","max-snippet":"max-snippet:-1","max-image-preview":"max-image-preview:large","max-video-preview":"max-video-preview:-1"},"canonical":"https:\/\/andaluciaebikes.es\/es\/team-building\/","og_locale":"es_ES","og_type":"article","og_title":"Team Building | Andaluc\u00eda Ebikes Tours & Rentals","og_description":"Discover guided eBike tours and rentals in Nerja, Maro, and Andalusia. Small groups, expert local guides, unique routes. Book your adventure today!","og_url":"https:\/\/andaluciaebikes.es\/es\/team-building\/","og_site_name":"Andalucia E-bikes","article_publisher":"https:\/\/www.facebook.com\/andalucia.ebikes","article_modified_time":"2026-02-03T03:55:37+00:00","og_image":[{"width":1600,"height":1201,"url":"https:\/\/andaluciaebikes.es\/wp-content\/uploads\/2025\/09\/Grupo-Abadia-Incentivo-Ebike.jpg","type":"image\/jpeg"}],"schema":{"@context":"https:\/\/schema.org","@graph":[{"@type":"WebPage","@id":"https:\/\/andaluciaebikes.es\/es\/team-building\/","url":"https:\/\/andaluciaebikes.es\/es\/team-building\/","name":"Team Building | Andaluc\u00eda Ebikes Tours & Rentals","isPartOf":{"@id":"https:\/\/andaluciaebikes.es\/en\/#website"},"primaryImageOfPage":{"@id":"https:\/\/andaluciaebikes.es\/es\/team-building\/#primaryimage"},"image":{"@id":"https:\/\/andaluciaebikes.es\/es\/team-building\/#primaryimage"},"thumbnailUrl":"https:\/\/andaluciaebikes.es\/wp-content\/uploads\/2025\/09\/Grupo-Abadia-Incentivo-Ebike.jpg","datePublished":"2024-08-12T16:14:13+00:00","dateModified":"2026-02-03T03:55:37+00:00","description":"Discover guided eBike tours and rentals in Nerja, Maro, and Andalusia. Small groups, expert local guides, unique routes. Book your adventure today!","breadcrumb":{"@id":"https:\/\/andaluciaebikes.es\/es\/team-building\/#breadcrumb"},"inLanguage":"es","potentialAction":[{"@type":"ReadAction","target":["https:\/\/andaluciaebikes.es\/es\/team-building\/"]}]},{"@type":"ImageObject","inLanguage":"es","@id":"https:\/\/andaluciaebikes.es\/es\/team-building\/#primaryimage","url":"https:\/\/andaluciaebikes.es\/wp-content\/uploads\/2025\/09\/Grupo-Abadia-Incentivo-Ebike.jpg","contentUrl":"https:\/\/andaluciaebikes.es\/wp-content\/uploads\/2025\/09\/Grupo-Abadia-Incentivo-Ebike.jpg","width":1600,"height":1201,"caption":"A group of cyclists enjoying the cultural stop at Sacromonte Abbey during our Andalusian eBike tour."},{"@type":"BreadcrumbList","@id":"https:\/\/andaluciaebikes.es\/es\/team-building\/#breadcrumb","itemListElement":[{"@type":"ListItem","position":1,"name":"Home","item":"https:\/\/andaluciaebikes.es\/es\/"},{"@type":"ListItem","position":2,"name":"Team Building"}]},{"@type":"WebSite","@id":"https:\/\/andaluciaebikes.es\/en\/#website","url":"https:\/\/andaluciaebikes.es\/en\/","name":"Andalucia Ebikes DMC & Tours","description":"E-bike tours and unique travel experiences in Andalusia, Spain &amp; Portugal","publisher":{"@id":"https:\/\/andaluciaebikes.es\/en\/#organization"},"alternateName":"Andaluc\u00eda Ebikes","potentialAction":[{"@type":"SearchAction","target":{"@type":"EntryPoint","urlTemplate":"https:\/\/andaluciaebikes.es\/en\/?s={search_term_string}"},"query-input":{"@type":"PropertyValueSpecification","valueRequired":true,"valueName":"search_term_string"}}],"inLanguage":"es"},{"@type":"Organization","@id":"https:\/\/andaluciaebikes.es\/en\/#organization","name":"Andalucia Ebikes DMC & Tours","alternateName":"Andalucia ebikes","url":"https:\/\/andaluciaebikes.es\/en\/","logo":{"@type":"ImageObject","inLanguage":"es","@id":"https:\/\/andaluciaebikes.es\/en\/#\/schema\/logo\/image\/","url":"https:\/\/andaluciaebikes.es\/wp-content\/uploads\/2024\/08\/logo-de-andalucia-ebikes.png","contentUrl":"https:\/\/andaluciaebikes.es\/wp-content\/uploads\/2024\/08\/logo-de-andalucia-ebikes.png","width":250,"height":250,"caption":"Andalucia Ebikes DMC & Tours"},"image":{"@id":"https:\/\/andaluciaebikes.es\/en\/#\/schema\/logo\/image\/"},"sameAs":["https:\/\/www.facebook.com\/andalucia.ebikes","https:\/\/www.instagram.com\/andaluciaebikes.es\/","https:\/\/www.linkedin.com\/company\/andalucia-ebikes\/","https:\/\/www.tiktok.com\/@andalucia.ebikes"]}]}},"_links":{"self":[{"href":"https:\/\/andaluciaebikes.es\/es\/wp-json\/wp\/v2\/pages\/11450","targetHints":{"allow":["GET"]}}],"collection":[{"href":"https:\/\/andaluciaebikes.es\/es\/wp-json\/wp\/v2\/pages"}],"about":[{"href":"https:\/\/andaluciaebikes.es\/es\/wp-json\/wp\/v2\/types\/page"}],"author":[{"embeddable":true,"href":"https:\/\/andaluciaebikes.es\/es\/wp-json\/wp\/v2\/users\/1"}],"replies":[{"embeddable":true,"href":"https:\/\/andaluciaebikes.es\/es\/wp-json\/wp\/v2\/comments?post=11450"}],"version-history":[{"count":7,"href":"https:\/\/andaluciaebikes.es\/es\/wp-json\/wp\/v2\/pages\/11450\/revisions"}],"predecessor-version":[{"id":14155,"href":"https:\/\/andaluciaebikes.es\/es\/wp-json\/wp\/v2\/pages\/11450\/revisions\/14155"}],"wp:featuredmedia":[{"embeddable":true,"href":"https:\/\/andaluciaebikes.es\/es\/wp-json\/wp\/v2\/media\/13893"}],"wp:attachment":[{"href":"https:\/\/andaluciaebikes.es\/es\/wp-json\/wp\/v2\/media?parent=11450"}],"curies":[{"name":"wp","href":"https:\/\/api.w.org\/{rel}","templated":true}]}}